{"id":56,"date":"2024-04-30T16:17:39","date_gmt":"2024-04-30T19:17:39","guid":{"rendered":"https:\/\/rupt3d.com.br\/passowp\/?page_id=56"},"modified":"2024-05-15T09:39:15","modified_gmt":"2024-05-15T12:39:15","slug":"newsletter","status":"publish","type":"page","link":"https:\/\/site.passosdacrianca.org.br\/transparencia\/newsletter\/","title":{"rendered":"Newsletter"},"content":{"rendered":"\n<p>A newsletter \u00e9 uma forma de informar para nossos contatos, por email, as principais not\u00edcias que aconteceram na passos, durante o m\u00eas. Este projeto iniciou-se em maio de 2020 com o objetivo de aproximar o relacionamento com todos os nossos parceiros, que se dedicam de alguma forma pelas nossos educandos!<\/p>\n","protected":false},"excerpt":{"rendered":"<p>A newsletter \u00e9 uma forma de informar para nossos contatos, por email, as principais not\u00edcias que aconteceram na passos, durante o m\u00eas. Este projeto iniciou-se em maio de 2020 com o objetivo de aproximar o relacionamento com todos os nossos parceiros, que se dedicam de alguma forma pelas nossos educandos!<\/p>\n","protected":false},"author":1,"featured_media":0,"parent":16,"menu_order":0,"comment_status":"closed","ping_status":"closed","template":"","meta":{"_eb_attr":"","footnotes":""},"class_list":["post-56","page","type-page","status-publish","hentry","entry"],"gutenberg_blocks":[{"blockName":"core\/paragraph","attrs":[],"innerBlocks":[],"innerHTML":"\n<p>A newsletter \u00e9 uma forma de informar para nossos contatos, por email, as principais not\u00edcias que aconteceram na passos, durante o m\u00eas. Este projeto iniciou-se em maio de 2020 com o objetivo de aproximar o relacionamento com todos os nossos parceiros, que se dedicam de alguma forma pelas nossos educandos!<\/p>\n","innerContent":["\n<p>A newsletter \u00e9 uma forma de informar para nossos contatos, por email, as principais not\u00edcias que aconteceram na passos, durante o m\u00eas. Este projeto iniciou-se em maio de 2020 com o objetivo de aproximar o relacionamento com todos os nossos parceiros, que se dedicam de alguma forma pelas nossos educandos!<\/p>\n"]}],"yoast_head":"<!-- This site is optimized with the Yoast SEO plugin v27.2 - https:\/\/yoast.com\/product\/yoast-seo-wordpress\/ -->\n<title>Newsletter - Passos da Crian\u00e7a: E ai, vamos transformar?<\/title>\n<meta name=\"robots\" content=\"noindex, follow, max-snippet:-1, max-image-preview:large, max-video-preview:-1\" \/>\n<meta property=\"og:locale\" content=\"pt_BR\" \/>\n<meta property=\"og:type\" content=\"article\" \/>\n<meta property=\"og:title\" content=\"Newsletter - Passos da Crian\u00e7a: E ai, vamos transformar?\" \/>\n<meta property=\"og:description\" content=\"A newsletter \u00e9 uma forma de informar para nossos contatos, por email, as principais not\u00edcias que aconteceram na passos, durante o m\u00eas. Este projeto iniciou-se em maio de 2020 com o objetivo de aproximar o relacionamento com todos os nossos parceiros, que se dedicam de alguma forma pelas nossos educandos!\" \/>\n<meta property=\"og:url\" content=\"https:\/\/site.passosdacrianca.org.brtransparencia\/newsletter\/\" \/>\n<meta property=\"og:site_name\" content=\"Passos da Crian\u00e7a: E ai, vamos transformar?\" \/>\n<meta property=\"article:modified_time\" content=\"2024-05-15T12:39:15+00:00\" \/>\n<meta name=\"twitter:card\" content=\"summary_large_image\" \/>\n<script type=\"application\/ld+json\" class=\"yoast-schema-graph\">{\"@context\":\"https:\/\/schema.org\",\"@graph\":[{\"@type\":\"WebPage\",\"@id\":\"https:\/\/passosdacrianca.org.br\/novo\/transparencia\/newsletter\/\",\"url\":\"https:\/\/passosdacrianca.org.br\/novo\/transparencia\/newsletter\/\",\"name\":\"Newsletter - Passos da Crian\u00e7a: E ai, vamos transformar?\",\"isPartOf\":{\"@id\":\"https:\/\/passosdacrianca.org.br\/novo\/#website\"},\"datePublished\":\"2024-04-30T19:17:39+00:00\",\"dateModified\":\"2024-05-15T12:39:15+00:00\",\"breadcrumb\":{\"@id\":\"https:\/\/passosdacrianca.org.br\/novo\/transparencia\/newsletter\/#breadcrumb\"},\"inLanguage\":\"pt-BR\",\"potentialAction\":[{\"@type\":\"ReadAction\",\"target\":[\"https:\/\/passosdacrianca.org.br\/novo\/transparencia\/newsletter\/\"]}]},{\"@type\":\"BreadcrumbList\",\"@id\":\"https:\/\/passosdacrianca.org.br\/novo\/transparencia\/newsletter\/#breadcrumb\",\"itemListElement\":[{\"@type\":\"ListItem\",\"position\":1,\"name\":\"In\u00edcio\",\"item\":\"https:\/\/passosdacrianca.org.br\/novo\/\"},{\"@type\":\"ListItem\",\"position\":2,\"name\":\"Transpar\u00eancia\",\"item\":\"https:\/\/passosdacrianca.org.br\/novo\/transparencia\/\"},{\"@type\":\"ListItem\",\"position\":3,\"name\":\"Newsletter\"}]},{\"@type\":\"WebSite\",\"@id\":\"https:\/\/passosdacrianca.org.br\/novo\/#website\",\"url\":\"https:\/\/passosdacrianca.org.br\/novo\/\",\"name\":\"Passos da Crian\u00e7a: E ai, vamos transformar?\",\"description\":\"\",\"potentialAction\":[{\"@type\":\"SearchAction\",\"target\":{\"@type\":\"EntryPoint\",\"urlTemplate\":\"https:\/\/passosdacrianca.org.br\/novo\/?s={search_term_string}\"},\"query-input\":{\"@type\":\"PropertyValueSpecification\",\"valueRequired\":true,\"valueName\":\"search_term_string\"}}],\"inLanguage\":\"pt-BR\"}]}<\/script>\n<!-- \/ Yoast SEO plugin. -->","yoast_head_json":{"title":"Newsletter - Passos da Crian\u00e7a: E ai, vamos transformar?","robots":{"index":"noindex","follow":"follow","max-snippet":"max-snippet:-1","max-image-preview":"max-image-preview:large","max-video-preview":"max-video-preview:-1"},"og_locale":"pt_BR","og_type":"article","og_title":"Newsletter - Passos da Crian\u00e7a: E ai, vamos transformar?","og_description":"A newsletter \u00e9 uma forma de informar para nossos contatos, por email, as principais not\u00edcias que aconteceram na passos, durante o m\u00eas. Este projeto iniciou-se em maio de 2020 com o objetivo de aproximar o relacionamento com todos os nossos parceiros, que se dedicam de alguma forma pelas nossos educandos!","og_url":"https:\/\/site.passosdacrianca.org.brtransparencia\/newsletter\/","og_site_name":"Passos da Crian\u00e7a: E ai, vamos transformar?","article_modified_time":"2024-05-15T12:39:15+00:00","twitter_card":"summary_large_image","schema":{"@context":"https:\/\/schema.org","@graph":[{"@type":"WebPage","@id":"https:\/\/passosdacrianca.org.br\/novo\/transparencia\/newsletter\/","url":"https:\/\/passosdacrianca.org.br\/novo\/transparencia\/newsletter\/","name":"Newsletter - Passos da Crian\u00e7a: E ai, vamos transformar?","isPartOf":{"@id":"https:\/\/passosdacrianca.org.br\/novo\/#website"},"datePublished":"2024-04-30T19:17:39+00:00","dateModified":"2024-05-15T12:39:15+00:00","breadcrumb":{"@id":"https:\/\/passosdacrianca.org.br\/novo\/transparencia\/newsletter\/#breadcrumb"},"inLanguage":"pt-BR","potentialAction":[{"@type":"ReadAction","target":["https:\/\/passosdacrianca.org.br\/novo\/transparencia\/newsletter\/"]}]},{"@type":"BreadcrumbList","@id":"https:\/\/passosdacrianca.org.br\/novo\/transparencia\/newsletter\/#breadcrumb","itemListElement":[{"@type":"ListItem","position":1,"name":"In\u00edcio","item":"https:\/\/passosdacrianca.org.br\/novo\/"},{"@type":"ListItem","position":2,"name":"Transpar\u00eancia","item":"https:\/\/passosdacrianca.org.br\/novo\/transparencia\/"},{"@type":"ListItem","position":3,"name":"Newsletter"}]},{"@type":"WebSite","@id":"https:\/\/passosdacrianca.org.br\/novo\/#website","url":"https:\/\/passosdacrianca.org.br\/novo\/","name":"Passos da Crian\u00e7a: E ai, vamos transformar?","description":"","potentialAction":[{"@type":"SearchAction","target":{"@type":"EntryPoint","urlTemplate":"https:\/\/passosdacrianca.org.br\/novo\/?s={search_term_string}"},"query-input":{"@type":"PropertyValueSpecification","valueRequired":true,"valueName":"search_term_string"}}],"inLanguage":"pt-BR"}]}},"_links":{"self":[{"href":"https:\/\/passosdacrianca.org.br\/novo\/wp-json\/wp\/v2\/pages\/56","targetHints":{"allow":["GET"]}}],"collection":[{"href":"https:\/\/passosdacrianca.org.br\/novo\/wp-json\/wp\/v2\/pages"}],"about":[{"href":"https:\/\/passosdacrianca.org.br\/novo\/wp-json\/wp\/v2\/types\/page"}],"author":[{"embeddable":true,"href":"https:\/\/passosdacrianca.org.br\/novo\/wp-json\/wp\/v2\/users\/1"}],"replies":[{"embeddable":true,"href":"https:\/\/passosdacrianca.org.br\/novo\/wp-json\/wp\/v2\/comments?post=56"}],"version-history":[{"count":8,"href":"https:\/\/passosdacrianca.org.br\/novo\/wp-json\/wp\/v2\/pages\/56\/revisions"}],"predecessor-version":[{"id":937,"href":"https:\/\/passosdacrianca.org.br\/novo\/wp-json\/wp\/v2\/pages\/56\/revisions\/937"}],"up":[{"embeddable":true,"href":"https:\/\/passosdacrianca.org.br\/novo\/wp-json\/wp\/v2\/pages\/16"}],"wp:attachment":[{"href":"https:\/\/passosdacrianca.org.br\/novo\/wp-json\/wp\/v2\/media?parent=56"}],"curies":[{"name":"wp","href":"https:\/\/api.w.org\/{rel}","templated":true}]}}