{"id":48,"date":"2024-04-30T16:13:44","date_gmt":"2024-04-30T19:13:44","guid":{"rendered":"https:\/\/rupt3d.com.br\/passowp\/?page_id=48"},"modified":"2025-02-05T10:54:07","modified_gmt":"2025-02-05T13:54:07","slug":"seja-um-voluntario","status":"publish","type":"page","link":"https:\/\/site.passosdacrianca.org.br\/apoie\/seja-um-voluntario\/","title":{"rendered":"Seja um volunt\u00e1rio"},"content":{"rendered":"\n<h3 class=\"wp-block-heading has-text-align-center has-text-color has-link-color wp-elements-13e32127dc0f4efdab8ceda6bf584035\" style=\"color:#222b64\"><strong>Ajude uma causa social<\/strong><\/h3>\n\n\n\n<p>N\u00e3o precisa ser necessariamente com um valor financeiro. Voc\u00ea pode ajudar doando seu tempo, seu talento. E muito mais do que ajudar, voc\u00ea vai fazer parte da transforma\u00e7\u00e3o que a Passos proporciona no p\u00fablico que ela atende. Mesmo que seja com algo que n\u00e3o pare\u00e7a que ir\u00e1 afetar diretamente as crian\u00e7as e adolescentes, mas tudo que \u00e9 feito em prol da OSC, resulta em nossos educandos. <strong>Que tal conferir um pouco dos volunt\u00e1rios que j\u00e1 fizeram parte da hist\u00f3ria da Passos?<\/strong><\/p>\n\n\n\n<figure class=\"wp-block-gallery has-nested-images columns-default is-cropped wp-block-gallery-1 is-layout-flex wp-block-gallery-is-layout-flex\">\n<figure class=\"wp-block-image size-large\"><img loading=\"lazy\" decoding=\"async\" width=\"1024\" height=\"768\" data-id=\"721\" src=\"https:\/\/passosdacrianca.org.br\/novo\/wp-content\/uploads\/2024\/05\/image-1024x768.jpeg\" alt=\"\" class=\"wp-image-721\" srcset=\"https:\/\/passosdacrianca.org.br\/novo\/wp-content\/uploads\/2024\/05\/image-1024x768.jpeg 1024w, https:\/\/passosdacrianca.org.br\/novo\/wp-content\/uploads\/2024\/05\/image-300x225.jpeg 300w, https:\/\/passosdacrianca.org.br\/novo\/wp-content\/uploads\/2024\/05\/image-768x576.jpeg 768w, https:\/\/passosdacrianca.org.br\/novo\/wp-content\/uploads\/2024\/05\/image-1536x1152.jpeg 1536w, https:\/\/passosdacrianca.org.br\/novo\/wp-content\/uploads\/2024\/05\/image.jpeg 1568w\" sizes=\"auto, (max-width: 1024px) 100vw, 1024px\" \/><\/figure>\n\n\n\n<figure class=\"wp-block-image size-large\"><img loading=\"lazy\" decoding=\"async\" width=\"1024\" height=\"768\" data-id=\"722\" src=\"https:\/\/passosdacrianca.org.br\/novo\/wp-content\/uploads\/2024\/05\/image-1-1024x768.jpeg\" alt=\"\" class=\"wp-image-722\" srcset=\"https:\/\/passosdacrianca.org.br\/novo\/wp-content\/uploads\/2024\/05\/image-1-1024x768.jpeg 1024w, https:\/\/passosdacrianca.org.br\/novo\/wp-content\/uploads\/2024\/05\/image-1-300x225.jpeg 300w, https:\/\/passosdacrianca.org.br\/novo\/wp-content\/uploads\/2024\/05\/image-1-768x576.jpeg 768w, https:\/\/passosdacrianca.org.br\/novo\/wp-content\/uploads\/2024\/05\/image-1.jpeg 1152w\" sizes=\"auto, (max-width: 1024px) 100vw, 1024px\" \/><\/figure>\n\n\n\n<figure class=\"wp-block-image size-large\"><img loading=\"lazy\" decoding=\"async\" width=\"1024\" height=\"768\" data-id=\"723\" src=\"https:\/\/passosdacrianca.org.br\/novo\/wp-content\/uploads\/2024\/05\/image-2-1024x768.jpeg\" alt=\"\" class=\"wp-image-723\" srcset=\"https:\/\/passosdacrianca.org.br\/novo\/wp-content\/uploads\/2024\/05\/image-2-1024x768.jpeg 1024w, https:\/\/passosdacrianca.org.br\/novo\/wp-content\/uploads\/2024\/05\/image-2-300x225.jpeg 300w, https:\/\/passosdacrianca.org.br\/novo\/wp-content\/uploads\/2024\/05\/image-2-768x576.jpeg 768w, https:\/\/passosdacrianca.org.br\/novo\/wp-content\/uploads\/2024\/05\/image-2.jpeg 1152w\" sizes=\"auto, (max-width: 1024px) 100vw, 1024px\" \/><\/figure>\n\n\n\n<figure class=\"wp-block-image size-large\"><img loading=\"lazy\" decoding=\"async\" width=\"1024\" height=\"683\" data-id=\"725\" src=\"https:\/\/passosdacrianca.org.br\/novo\/wp-content\/uploads\/2024\/05\/image-3-1024x683.jpeg\" alt=\"\" class=\"wp-image-725\" srcset=\"https:\/\/passosdacrianca.org.br\/novo\/wp-content\/uploads\/2024\/05\/image-3-1024x683.jpeg 1024w, https:\/\/passosdacrianca.org.br\/novo\/wp-content\/uploads\/2024\/05\/image-3-300x200.jpeg 300w, https:\/\/passosdacrianca.org.br\/novo\/wp-content\/uploads\/2024\/05\/image-3-768x512.jpeg 768w, https:\/\/passosdacrianca.org.br\/novo\/wp-content\/uploads\/2024\/05\/image-3-1536x1024.jpeg 1536w, https:\/\/passosdacrianca.org.br\/novo\/wp-content\/uploads\/2024\/05\/image-3-2048x1365.jpeg 2048w, https:\/\/passosdacrianca.org.br\/novo\/wp-content\/uploads\/2024\/05\/image-3-1568x1045.jpeg 1568w\" sizes=\"auto, (max-width: 1024px) 100vw, 1024px\" \/><\/figure>\n\n\n\n<figure class=\"wp-block-image size-large\"><img loading=\"lazy\" decoding=\"async\" width=\"1024\" height=\"768\" data-id=\"726\" src=\"https:\/\/passosdacrianca.org.br\/novo\/wp-content\/uploads\/2024\/05\/image-4-1024x768.jpeg\" alt=\"\" class=\"wp-image-726\" srcset=\"https:\/\/passosdacrianca.org.br\/novo\/wp-content\/uploads\/2024\/05\/image-4-1024x768.jpeg 1024w, https:\/\/passosdacrianca.org.br\/novo\/wp-content\/uploads\/2024\/05\/image-4-300x225.jpeg 300w, https:\/\/passosdacrianca.org.br\/novo\/wp-content\/uploads\/2024\/05\/image-4-768x576.jpeg 768w, https:\/\/passosdacrianca.org.br\/novo\/wp-content\/uploads\/2024\/05\/image-4.jpeg 1032w\" sizes=\"auto, (max-width: 1024px) 100vw, 1024px\" \/><\/figure>\n\n\n\n<figure class=\"wp-block-image size-large\"><img loading=\"lazy\" decoding=\"async\" width=\"1024\" height=\"683\" data-id=\"727\" src=\"https:\/\/passosdacrianca.org.br\/novo\/wp-content\/uploads\/2024\/05\/image-5-1024x683.jpeg\" alt=\"\" class=\"wp-image-727\" srcset=\"https:\/\/passosdacrianca.org.br\/novo\/wp-content\/uploads\/2024\/05\/image-5-1024x683.jpeg 1024w, https:\/\/passosdacrianca.org.br\/novo\/wp-content\/uploads\/2024\/05\/image-5-300x200.jpeg 300w, https:\/\/passosdacrianca.org.br\/novo\/wp-content\/uploads\/2024\/05\/image-5-768x512.jpeg 768w, https:\/\/passosdacrianca.org.br\/novo\/wp-content\/uploads\/2024\/05\/image-5-1536x1024.jpeg 1536w, https:\/\/passosdacrianca.org.br\/novo\/wp-content\/uploads\/2024\/05\/image-5-2048x1365.jpeg 2048w, https:\/\/passosdacrianca.org.br\/novo\/wp-content\/uploads\/2024\/05\/image-5-1568x1045.jpeg 1568w\" sizes=\"auto, (max-width: 1024px) 100vw, 1024px\" \/><\/figure>\n<\/figure>\n\n\n\n<pre class=\"wp-block-code\"><code><\/code><\/pre>\n","protected":false},"excerpt":{"rendered":"<p>Ajude uma causa social N\u00e3o precisa ser necessariamente com um valor financeiro. Voc\u00ea pode ajudar doando seu tempo, seu talento. E muito mais do que ajudar, voc\u00ea vai fazer parte da transforma\u00e7\u00e3o que a Passos proporciona no p\u00fablico que ela atende. Mesmo que seja com algo que n\u00e3o pare\u00e7a que ir\u00e1 afetar diretamente as crian\u00e7as&hellip; <a class=\"more-link\" href=\"https:\/\/passosdacrianca.org.br\/novo\/apoie\/seja-um-voluntario\/\">Continuar lendo <span class=\"screen-reader-text\">Seja um volunt\u00e1rio<\/span><\/a><\/p>\n","protected":false},"author":1,"featured_media":0,"parent":14,"menu_order":0,"comment_status":"closed","ping_status":"closed","template":"","meta":{"_eb_attr":"","footnotes":""},"class_list":["post-48","page","type-page","status-publish","hentry","entry"],"gutenberg_blocks":[{"blockName":"core\/heading","attrs":{"textAlign":"center","level":3,"style":{"color":{"text":"#222b64"},"elements":{"link":{"color":{"text":"#222b64"}}}}},"innerBlocks":[],"innerHTML":"\n<h3 class=\"wp-block-heading has-text-align-center has-text-color has-link-color\" style=\"color:#222b64\"><strong>Ajude uma causa social<\/strong><\/h3>\n","innerContent":["\n<h3 class=\"wp-block-heading has-text-align-center has-text-color has-link-color\" style=\"color:#222b64\"><strong>Ajude uma causa social<\/strong><\/h3>\n"]},{"blockName":null,"attrs":[],"innerBlocks":[],"innerHTML":"\n\n","innerContent":["\n\n"]},{"blockName":"core\/paragraph","attrs":[],"innerBlocks":[],"innerHTML":"\n<p>N\u00e3o precisa ser necessariamente com um valor financeiro. Voc\u00ea pode ajudar doando seu tempo, seu talento. E muito mais do que ajudar, voc\u00ea vai fazer parte da transforma\u00e7\u00e3o que a Passos proporciona no p\u00fablico que ela atende. Mesmo que seja com algo que n\u00e3o pare\u00e7a que ir\u00e1 afetar diretamente as crian\u00e7as e adolescentes, mas tudo que \u00e9 feito em prol da OSC, resulta em nossos educandos. <strong>Que tal conferir um pouco dos volunt\u00e1rios que j\u00e1 fizeram parte da hist\u00f3ria da Passos?<\/strong><\/p>\n","innerContent":["\n<p>N\u00e3o precisa ser necessariamente com um valor financeiro. Voc\u00ea pode ajudar doando seu tempo, seu talento. E muito mais do que ajudar, voc\u00ea vai fazer parte da transforma\u00e7\u00e3o que a Passos proporciona no p\u00fablico que ela atende. Mesmo que seja com algo que n\u00e3o pare\u00e7a que ir\u00e1 afetar diretamente as crian\u00e7as e adolescentes, mas tudo que \u00e9 feito em prol da OSC, resulta em nossos educandos. <strong>Que tal conferir um pouco dos volunt\u00e1rios que j\u00e1 fizeram parte da hist\u00f3ria da Passos?<\/strong><\/p>\n"]},{"blockName":null,"attrs":[],"innerBlocks":[],"innerHTML":"\n\n","innerContent":["\n\n"]},{"blockName":"core\/gallery","attrs":{"linkTo":"none"},"innerBlocks":[{"blockName":"core\/image","attrs":{"id":721,"sizeSlug":"large","linkDestination":"none"},"innerBlocks":[],"innerHTML":"\n<figure class=\"wp-block-image size-large\"><img src=\"https:\/\/passosdacrianca.org.br\/novo\/wp-content\/uploads\/2024\/05\/image-1024x768.jpeg\" alt=\"\" class=\"wp-image-721\"\/><\/figure>\n","innerContent":["\n<figure class=\"wp-block-image size-large\"><img src=\"https:\/\/passosdacrianca.org.br\/novo\/wp-content\/uploads\/2024\/05\/image-1024x768.jpeg\" alt=\"\" class=\"wp-image-721\"\/><\/figure>\n"]},{"blockName":"core\/image","attrs":{"id":722,"sizeSlug":"large","linkDestination":"none"},"innerBlocks":[],"innerHTML":"\n<figure class=\"wp-block-image size-large\"><img src=\"https:\/\/passosdacrianca.org.br\/novo\/wp-content\/uploads\/2024\/05\/image-1-1024x768.jpeg\" alt=\"\" class=\"wp-image-722\"\/><\/figure>\n","innerContent":["\n<figure class=\"wp-block-image size-large\"><img src=\"https:\/\/passosdacrianca.org.br\/novo\/wp-content\/uploads\/2024\/05\/image-1-1024x768.jpeg\" alt=\"\" class=\"wp-image-722\"\/><\/figure>\n"]},{"blockName":"core\/image","attrs":{"id":723,"sizeSlug":"large","linkDestination":"none"},"innerBlocks":[],"innerHTML":"\n<figure class=\"wp-block-image size-large\"><img src=\"https:\/\/passosdacrianca.org.br\/novo\/wp-content\/uploads\/2024\/05\/image-2-1024x768.jpeg\" alt=\"\" class=\"wp-image-723\"\/><\/figure>\n","innerContent":["\n<figure class=\"wp-block-image size-large\"><img src=\"https:\/\/passosdacrianca.org.br\/novo\/wp-content\/uploads\/2024\/05\/image-2-1024x768.jpeg\" alt=\"\" class=\"wp-image-723\"\/><\/figure>\n"]},{"blockName":"core\/image","attrs":{"id":725,"sizeSlug":"large","linkDestination":"none"},"innerBlocks":[],"innerHTML":"\n<figure class=\"wp-block-image size-large\"><img src=\"https:\/\/passosdacrianca.org.br\/novo\/wp-content\/uploads\/2024\/05\/image-3-1024x683.jpeg\" alt=\"\" class=\"wp-image-725\"\/><\/figure>\n","innerContent":["\n<figure class=\"wp-block-image size-large\"><img src=\"https:\/\/passosdacrianca.org.br\/novo\/wp-content\/uploads\/2024\/05\/image-3-1024x683.jpeg\" alt=\"\" class=\"wp-image-725\"\/><\/figure>\n"]},{"blockName":"core\/image","attrs":{"id":726,"sizeSlug":"large","linkDestination":"none"},"innerBlocks":[],"innerHTML":"\n<figure class=\"wp-block-image size-large\"><img src=\"https:\/\/passosdacrianca.org.br\/novo\/wp-content\/uploads\/2024\/05\/image-4-1024x768.jpeg\" alt=\"\" class=\"wp-image-726\"\/><\/figure>\n","innerContent":["\n<figure class=\"wp-block-image size-large\"><img src=\"https:\/\/passosdacrianca.org.br\/novo\/wp-content\/uploads\/2024\/05\/image-4-1024x768.jpeg\" alt=\"\" class=\"wp-image-726\"\/><\/figure>\n"]},{"blockName":"core\/image","attrs":{"id":727,"sizeSlug":"large","linkDestination":"none"},"innerBlocks":[],"innerHTML":"\n<figure class=\"wp-block-image size-large\"><img src=\"https:\/\/passosdacrianca.org.br\/novo\/wp-content\/uploads\/2024\/05\/image-5-1024x683.jpeg\" alt=\"\" class=\"wp-image-727\"\/><\/figure>\n","innerContent":["\n<figure class=\"wp-block-image size-large\"><img src=\"https:\/\/passosdacrianca.org.br\/novo\/wp-content\/uploads\/2024\/05\/image-5-1024x683.jpeg\" alt=\"\" class=\"wp-image-727\"\/><\/figure>\n"]}],"innerHTML":"\n<figure class=\"wp-block-gallery has-nested-images columns-default is-cropped\">\n\n\n\n\n\n\n\n\n\n<\/figure>\n","innerContent":["\n<figure class=\"wp-block-gallery has-nested-images columns-default is-cropped\">",null,"\n\n",null,"\n\n",null,"\n\n",null,"\n\n",null,"\n\n",null,"<\/figure>\n"]},{"blockName":null,"attrs":[],"innerBlocks":[],"innerHTML":"\n\n","innerContent":["\n\n"]},{"blockName":"core\/code","attrs":[],"innerBlocks":[],"innerHTML":"\n<pre class=\"wp-block-code\"><code><\/code><\/pre>\n","innerContent":["\n<pre class=\"wp-block-code\"><code><\/code><\/pre>\n"]}],"yoast_head":"<!-- This site is optimized with the Yoast SEO plugin v27.2 - https:\/\/yoast.com\/product\/yoast-seo-wordpress\/ -->\n<title>Seja um volunt\u00e1rio - Passos da Crian\u00e7a: E ai, vamos transformar?<\/title>\n<meta name=\"robots\" content=\"noindex, follow, max-snippet:-1, max-image-preview:large, max-video-preview:-1\" \/>\n<meta property=\"og:locale\" content=\"pt_BR\" \/>\n<meta property=\"og:type\" content=\"article\" \/>\n<meta property=\"og:title\" content=\"Seja um volunt\u00e1rio - Passos da Crian\u00e7a: E ai, vamos transformar?\" \/>\n<meta property=\"og:description\" content=\"Ajude uma causa social N\u00e3o precisa ser necessariamente com um valor financeiro. Voc\u00ea pode ajudar doando seu tempo, seu talento. E muito mais do que ajudar, voc\u00ea vai fazer parte da transforma\u00e7\u00e3o que a Passos proporciona no p\u00fablico que ela atende. Mesmo que seja com algo que n\u00e3o pare\u00e7a que ir\u00e1 afetar diretamente as crian\u00e7as&hellip; Continuar lendo Seja um volunt\u00e1rio\" \/>\n<meta property=\"og:url\" content=\"https:\/\/site.passosdacrianca.org.brapoie\/seja-um-voluntario\/\" \/>\n<meta property=\"og:site_name\" content=\"Passos da Crian\u00e7a: E ai, vamos transformar?\" \/>\n<meta property=\"article:modified_time\" content=\"2025-02-05T13:54:07+00:00\" \/>\n<meta property=\"og:image\" content=\"https:\/\/passosdacrianca.org.br\/novo\/wp-content\/uploads\/2024\/05\/image-1024x768.jpeg\" \/>\n<meta name=\"twitter:card\" content=\"summary_large_image\" \/>\n<meta name=\"twitter:label1\" content=\"Est. tempo de leitura\" \/>\n\t<meta name=\"twitter:data1\" content=\"2 minutos\" \/>\n<script type=\"application\/ld+json\" class=\"yoast-schema-graph\">{\"@context\":\"https:\/\/schema.org\",\"@graph\":[{\"@type\":\"WebPage\",\"@id\":\"https:\/\/passosdacrianca.org.br\/novo\/apoie\/seja-um-voluntario\/\",\"url\":\"https:\/\/passosdacrianca.org.br\/novo\/apoie\/seja-um-voluntario\/\",\"name\":\"Seja um volunt\u00e1rio - Passos da Crian\u00e7a: E ai, vamos transformar?\",\"isPartOf\":{\"@id\":\"https:\/\/passosdacrianca.org.br\/novo\/#website\"},\"primaryImageOfPage\":{\"@id\":\"https:\/\/passosdacrianca.org.br\/novo\/apoie\/seja-um-voluntario\/#primaryimage\"},\"image\":{\"@id\":\"https:\/\/passosdacrianca.org.br\/novo\/apoie\/seja-um-voluntario\/#primaryimage\"},\"thumbnailUrl\":\"https:\/\/passosdacrianca.org.br\/novo\/wp-content\/uploads\/2024\/05\/image-1024x768.jpeg\",\"datePublished\":\"2024-04-30T19:13:44+00:00\",\"dateModified\":\"2025-02-05T13:54:07+00:00\",\"breadcrumb\":{\"@id\":\"https:\/\/passosdacrianca.org.br\/novo\/apoie\/seja-um-voluntario\/#breadcrumb\"},\"inLanguage\":\"pt-BR\",\"potentialAction\":[{\"@type\":\"ReadAction\",\"target\":[\"https:\/\/passosdacrianca.org.br\/novo\/apoie\/seja-um-voluntario\/\"]}]},{\"@type\":\"ImageObject\",\"inLanguage\":\"pt-BR\",\"@id\":\"https:\/\/passosdacrianca.org.br\/novo\/apoie\/seja-um-voluntario\/#primaryimage\",\"url\":\"https:\/\/passosdacrianca.org.br\/novo\/wp-content\/uploads\/2024\/05\/image.jpeg\",\"contentUrl\":\"https:\/\/passosdacrianca.org.br\/novo\/wp-content\/uploads\/2024\/05\/image.jpeg\",\"width\":1568,\"height\":1176},{\"@type\":\"BreadcrumbList\",\"@id\":\"https:\/\/passosdacrianca.org.br\/novo\/apoie\/seja-um-voluntario\/#breadcrumb\",\"itemListElement\":[{\"@type\":\"ListItem\",\"position\":1,\"name\":\"In\u00edcio\",\"item\":\"https:\/\/passosdacrianca.org.br\/novo\/\"},{\"@type\":\"ListItem\",\"position\":2,\"name\":\"Contribua para transformar vidas\",\"item\":\"https:\/\/passosdacrianca.org.br\/novo\/apoie\/\"},{\"@type\":\"ListItem\",\"position\":3,\"name\":\"Seja um volunt\u00e1rio\"}]},{\"@type\":\"WebSite\",\"@id\":\"https:\/\/passosdacrianca.org.br\/novo\/#website\",\"url\":\"https:\/\/passosdacrianca.org.br\/novo\/\",\"name\":\"Passos da Crian\u00e7a: E ai, vamos transformar?\",\"description\":\"\",\"potentialAction\":[{\"@type\":\"SearchAction\",\"target\":{\"@type\":\"EntryPoint\",\"urlTemplate\":\"https:\/\/passosdacrianca.org.br\/novo\/?s={search_term_string}\"},\"query-input\":{\"@type\":\"PropertyValueSpecification\",\"valueRequired\":true,\"valueName\":\"search_term_string\"}}],\"inLanguage\":\"pt-BR\"}]}<\/script>\n<!-- \/ Yoast SEO plugin. -->","yoast_head_json":{"title":"Seja um volunt\u00e1rio - Passos da Crian\u00e7a: E ai, vamos transformar?","robots":{"index":"noindex","follow":"follow","max-snippet":"max-snippet:-1","max-image-preview":"max-image-preview:large","max-video-preview":"max-video-preview:-1"},"og_locale":"pt_BR","og_type":"article","og_title":"Seja um volunt\u00e1rio - Passos da Crian\u00e7a: E ai, vamos transformar?","og_description":"Ajude uma causa social N\u00e3o precisa ser necessariamente com um valor financeiro. Voc\u00ea pode ajudar doando seu tempo, seu talento. E muito mais do que ajudar, voc\u00ea vai fazer parte da transforma\u00e7\u00e3o que a Passos proporciona no p\u00fablico que ela atende. Mesmo que seja com algo que n\u00e3o pare\u00e7a que ir\u00e1 afetar diretamente as crian\u00e7as&hellip; Continuar lendo Seja um volunt\u00e1rio","og_url":"https:\/\/site.passosdacrianca.org.brapoie\/seja-um-voluntario\/","og_site_name":"Passos da Crian\u00e7a: E ai, vamos transformar?","article_modified_time":"2025-02-05T13:54:07+00:00","og_image":[{"url":"https:\/\/passosdacrianca.org.br\/novo\/wp-content\/uploads\/2024\/05\/image-1024x768.jpeg","type":"","width":"","height":""}],"twitter_card":"summary_large_image","twitter_misc":{"Est. tempo de leitura":"2 minutos"},"schema":{"@context":"https:\/\/schema.org","@graph":[{"@type":"WebPage","@id":"https:\/\/passosdacrianca.org.br\/novo\/apoie\/seja-um-voluntario\/","url":"https:\/\/passosdacrianca.org.br\/novo\/apoie\/seja-um-voluntario\/","name":"Seja um volunt\u00e1rio - Passos da Crian\u00e7a: E ai, vamos transformar?","isPartOf":{"@id":"https:\/\/passosdacrianca.org.br\/novo\/#website"},"primaryImageOfPage":{"@id":"https:\/\/passosdacrianca.org.br\/novo\/apoie\/seja-um-voluntario\/#primaryimage"},"image":{"@id":"https:\/\/passosdacrianca.org.br\/novo\/apoie\/seja-um-voluntario\/#primaryimage"},"thumbnailUrl":"https:\/\/passosdacrianca.org.br\/novo\/wp-content\/uploads\/2024\/05\/image-1024x768.jpeg","datePublished":"2024-04-30T19:13:44+00:00","dateModified":"2025-02-05T13:54:07+00:00","breadcrumb":{"@id":"https:\/\/passosdacrianca.org.br\/novo\/apoie\/seja-um-voluntario\/#breadcrumb"},"inLanguage":"pt-BR","potentialAction":[{"@type":"ReadAction","target":["https:\/\/passosdacrianca.org.br\/novo\/apoie\/seja-um-voluntario\/"]}]},{"@type":"ImageObject","inLanguage":"pt-BR","@id":"https:\/\/passosdacrianca.org.br\/novo\/apoie\/seja-um-voluntario\/#primaryimage","url":"https:\/\/passosdacrianca.org.br\/novo\/wp-content\/uploads\/2024\/05\/image.jpeg","contentUrl":"https:\/\/passosdacrianca.org.br\/novo\/wp-content\/uploads\/2024\/05\/image.jpeg","width":1568,"height":1176},{"@type":"BreadcrumbList","@id":"https:\/\/passosdacrianca.org.br\/novo\/apoie\/seja-um-voluntario\/#breadcrumb","itemListElement":[{"@type":"ListItem","position":1,"name":"In\u00edcio","item":"https:\/\/passosdacrianca.org.br\/novo\/"},{"@type":"ListItem","position":2,"name":"Contribua para transformar vidas","item":"https:\/\/passosdacrianca.org.br\/novo\/apoie\/"},{"@type":"ListItem","position":3,"name":"Seja um volunt\u00e1rio"}]},{"@type":"WebSite","@id":"https:\/\/passosdacrianca.org.br\/novo\/#website","url":"https:\/\/passosdacrianca.org.br\/novo\/","name":"Passos da Crian\u00e7a: E ai, vamos transformar?","description":"","potentialAction":[{"@type":"SearchAction","target":{"@type":"EntryPoint","urlTemplate":"https:\/\/passosdacrianca.org.br\/novo\/?s={search_term_string}"},"query-input":{"@type":"PropertyValueSpecification","valueRequired":true,"valueName":"search_term_string"}}],"inLanguage":"pt-BR"}]}},"_links":{"self":[{"href":"https:\/\/passosdacrianca.org.br\/novo\/wp-json\/wp\/v2\/pages\/48","targetHints":{"allow":["GET"]}}],"collection":[{"href":"https:\/\/passosdacrianca.org.br\/novo\/wp-json\/wp\/v2\/pages"}],"about":[{"href":"https:\/\/passosdacrianca.org.br\/novo\/wp-json\/wp\/v2\/types\/page"}],"author":[{"embeddable":true,"href":"https:\/\/passosdacrianca.org.br\/novo\/wp-json\/wp\/v2\/users\/1"}],"replies":[{"embeddable":true,"href":"https:\/\/passosdacrianca.org.br\/novo\/wp-json\/wp\/v2\/comments?post=48"}],"version-history":[{"count":7,"href":"https:\/\/passosdacrianca.org.br\/novo\/wp-json\/wp\/v2\/pages\/48\/revisions"}],"predecessor-version":[{"id":264436,"href":"https:\/\/passosdacrianca.org.br\/novo\/wp-json\/wp\/v2\/pages\/48\/revisions\/264436"}],"up":[{"embeddable":true,"href":"https:\/\/passosdacrianca.org.br\/novo\/wp-json\/wp\/v2\/pages\/14"}],"wp:attachment":[{"href":"https:\/\/passosdacrianca.org.br\/novo\/wp-json\/wp\/v2\/media?parent=48"}],"curies":[{"name":"wp","href":"https:\/\/api.w.org\/{rel}","templated":true}]}}