{"id":45,"date":"2024-04-30T16:12:53","date_gmt":"2024-04-30T19:12:53","guid":{"rendered":"https:\/\/rupt3d.com.br\/passowp\/?page_id=45"},"modified":"2024-05-13T15:58:32","modified_gmt":"2024-05-13T18:58:32","slug":"programa-nota-parana","status":"publish","type":"page","link":"https:\/\/site.passosdacrianca.org.br\/apoie\/programa-nota-parana\/","title":{"rendered":"Programa Nota Paran\u00e1"},"content":{"rendered":"\n<div class=\"wp-block-columns alignwide are-vertically-aligned-center is-layout-flex wp-container-core-columns-is-layout-62db62f3 wp-block-columns-is-layout-flex\" style=\"padding-top:0;padding-bottom:0\">\n<div class=\"wp-block-column is-vertically-aligned-center is-layout-flow wp-block-column-is-layout-flow\" style=\"flex-basis:60%\">\n<figure class=\"wp-block-embed aligncenter is-type-video is-provider-youtube wp-block-embed-youtube wp-embed-aspect-16-9 wp-has-aspect-ratio\"><div class=\"wp-block-embed__wrapper\">\n<iframe loading=\"lazy\" title=\"Voc\u00ea Sabia que a Passos da Crian\u00e7a participa do Programa Nota Paran\u00e1?\" width=\"750\" height=\"422\" src=\"https:\/\/www.youtube.com\/embed\/ztPM3BmuR2o?feature=oembed\" frameborder=\"0\" allow=\"accelerometer; autoplay; clipboard-write; encrypted-media; gyroscope; picture-in-picture; web-share\" referrerpolicy=\"strict-origin-when-cross-origin\" allowfullscreen><\/iframe>\n<\/div><\/figure>\n<\/div>\n\n\n\n<div class=\"wp-block-column is-vertically-aligned-center is-layout-flow wp-block-column-is-layout-flow\">\n<p>Desde 2016 a Passos da Crian\u00e7a faz parte do programa Nota Paran\u00e1, programa onde as notas fiscais sem CPF podem ser doadas exclusivamente pelos consumidores, de forma espont\u00e2nea para entidades sem fins lucrativos, entre elas, a Passos! Este valor \u00e9 repassado para n\u00f3s como cr\u00e9ditos e sorteios e s\u00e3o utilizados para a manuten\u00e7\u00e3o e continuidade do trabalho realizado pela OSC. Ao doar suas notinhas, voc\u00ea j\u00e1 estar\u00e1 fazendo a diferen\u00e7a! <strong>Saiba como ajudar:<\/strong><\/p>\n<\/div>\n<\/div>\n\n\n\n<p><\/p>\n\n\n\n<p class=\"bt-vermelho\"><a href=\"https:\/\/passosdacrianca.org.br\/apoie\/nota-parana\/\">Doar notas fiscais +<\/a><\/p>\n\n\n\n<p class=\"bt-vermelho\"><a href=\"https:\/\/passosdacrianca.org.br\/apoie\/nota-parana\/\">Quero colocar a caixinha no meu estabelecimento +<\/a><\/p>\n","protected":false},"excerpt":{"rendered":"<p>Desde 2016 a Passos da Crian\u00e7a faz parte do programa Nota Paran\u00e1, programa onde as notas fiscais sem CPF podem ser doadas exclusivamente pelos consumidores, de forma espont\u00e2nea para entidades sem fins lucrativos, entre elas, a Passos! Este valor \u00e9 repassado para n\u00f3s como cr\u00e9ditos e sorteios e s\u00e3o utilizados para a manuten\u00e7\u00e3o e continuidade&hellip; <a class=\"more-link\" href=\"https:\/\/passosdacrianca.org.br\/novo\/apoie\/programa-nota-parana\/\">Continuar lendo <span class=\"screen-reader-text\">Programa Nota Paran\u00e1<\/span><\/a><\/p>\n","protected":false},"author":1,"featured_media":0,"parent":14,"menu_order":0,"comment_status":"closed","ping_status":"closed","template":"","meta":{"_eb_attr":"","footnotes":""},"class_list":["post-45","page","type-page","status-publish","hentry","entry"],"gutenberg_blocks":[{"blockName":"core\/columns","attrs":{"verticalAlignment":"center","align":"wide","style":{"spacing":{"padding":{"top":"0","bottom":"0"}}}},"innerBlocks":[{"blockName":"core\/column","attrs":{"verticalAlignment":"center","width":"60%"},"innerBlocks":[{"blockName":"core\/embed","attrs":{"url":"https:\/\/youtu.be\/ztPM3BmuR2o","type":"video","providerNameSlug":"youtube","responsive":true,"align":"center","className":"wp-embed-aspect-16-9 wp-has-aspect-ratio"},"innerBlocks":[],"innerHTML":"\n<figure class=\"wp-block-embed aligncenter is-type-video is-provider-youtube wp-block-embed-youtube wp-embed-aspect-16-9 wp-has-aspect-ratio\"><div class=\"wp-block-embed__wrapper\">\nhttps:\/\/youtu.be\/ztPM3BmuR2o\n<\/div><\/figure>\n","innerContent":["\n<figure class=\"wp-block-embed aligncenter is-type-video is-provider-youtube wp-block-embed-youtube wp-embed-aspect-16-9 wp-has-aspect-ratio\"><div class=\"wp-block-embed__wrapper\">\nhttps:\/\/youtu.be\/ztPM3BmuR2o\n<\/div><\/figure>\n"]}],"innerHTML":"\n<div class=\"wp-block-column is-vertically-aligned-center\" style=\"flex-basis:60%\"><\/div>\n","innerContent":["\n<div class=\"wp-block-column is-vertically-aligned-center\" style=\"flex-basis:60%\">",null,"<\/div>\n"]},{"blockName":"core\/column","attrs":{"verticalAlignment":"center"},"innerBlocks":[{"blockName":"core\/paragraph","attrs":[],"innerBlocks":[],"innerHTML":"\n<p>Desde 2016 a Passos da Crian\u00e7a faz parte do programa Nota Paran\u00e1, programa onde as notas fiscais sem CPF podem ser doadas exclusivamente pelos consumidores, de forma espont\u00e2nea para entidades sem fins lucrativos, entre elas, a Passos! Este valor \u00e9 repassado para n\u00f3s como cr\u00e9ditos e sorteios e s\u00e3o utilizados para a manuten\u00e7\u00e3o e continuidade do trabalho realizado pela OSC. Ao doar suas notinhas, voc\u00ea j\u00e1 estar\u00e1 fazendo a diferen\u00e7a! <strong>Saiba como ajudar:<\/strong><\/p>\n","innerContent":["\n<p>Desde 2016 a Passos da Crian\u00e7a faz parte do programa Nota Paran\u00e1, programa onde as notas fiscais sem CPF podem ser doadas exclusivamente pelos consumidores, de forma espont\u00e2nea para entidades sem fins lucrativos, entre elas, a Passos! Este valor \u00e9 repassado para n\u00f3s como cr\u00e9ditos e sorteios e s\u00e3o utilizados para a manuten\u00e7\u00e3o e continuidade do trabalho realizado pela OSC. Ao doar suas notinhas, voc\u00ea j\u00e1 estar\u00e1 fazendo a diferen\u00e7a! <strong>Saiba como ajudar:<\/strong><\/p>\n"]}],"innerHTML":"\n<div class=\"wp-block-column is-vertically-aligned-center\"><\/div>\n","innerContent":["\n<div class=\"wp-block-column is-vertically-aligned-center\">",null,"<\/div>\n"]}],"innerHTML":"\n<div class=\"wp-block-columns alignwide are-vertically-aligned-center\" style=\"padding-top:0;padding-bottom:0\">\n\n<\/div>\n","innerContent":["\n<div class=\"wp-block-columns alignwide are-vertically-aligned-center\" style=\"padding-top:0;padding-bottom:0\">",null,"\n\n",null,"<\/div>\n"]},{"blockName":null,"attrs":[],"innerBlocks":[],"innerHTML":"\n\n","innerContent":["\n\n"]},{"blockName":"core\/paragraph","attrs":[],"innerBlocks":[],"innerHTML":"\n<p><\/p>\n","innerContent":["\n<p><\/p>\n"]},{"blockName":null,"attrs":[],"innerBlocks":[],"innerHTML":"\n\n","innerContent":["\n\n"]},{"blockName":"core\/paragraph","attrs":{"className":"bt-vermelho"},"innerBlocks":[],"innerHTML":"\n<p class=\"bt-vermelho\"><a href=\"https:\/\/passosdacrianca.org.br\/apoie\/nota-parana\/\">Doar notas fiscais +<\/a><\/p>\n","innerContent":["\n<p class=\"bt-vermelho\"><a href=\"https:\/\/passosdacrianca.org.br\/apoie\/nota-parana\/\">Doar notas fiscais +<\/a><\/p>\n"]},{"blockName":null,"attrs":[],"innerBlocks":[],"innerHTML":"\n\n","innerContent":["\n\n"]},{"blockName":"core\/paragraph","attrs":{"className":"bt-vermelho"},"innerBlocks":[],"innerHTML":"\n<p class=\"bt-vermelho\"><a href=\"https:\/\/passosdacrianca.org.br\/apoie\/nota-parana\/\">Quero colocar a caixinha no meu estabelecimento +<\/a><\/p>\n","innerContent":["\n<p class=\"bt-vermelho\"><a href=\"https:\/\/passosdacrianca.org.br\/apoie\/nota-parana\/\">Quero colocar a caixinha no meu estabelecimento +<\/a><\/p>\n"]}],"yoast_head":"<!-- This site is optimized with the Yoast SEO plugin v27.2 - https:\/\/yoast.com\/product\/yoast-seo-wordpress\/ -->\n<title>Programa Nota Paran\u00e1 - Passos da Crian\u00e7a: E ai, vamos transformar?<\/title>\n<meta name=\"robots\" content=\"noindex, follow, max-snippet:-1, max-image-preview:large, max-video-preview:-1\" \/>\n<meta property=\"og:locale\" content=\"pt_BR\" \/>\n<meta property=\"og:type\" content=\"article\" \/>\n<meta property=\"og:title\" content=\"Programa Nota Paran\u00e1 - Passos da Crian\u00e7a: E ai, vamos transformar?\" \/>\n<meta property=\"og:description\" content=\"Desde 2016 a Passos da Crian\u00e7a faz parte do programa Nota Paran\u00e1, programa onde as notas fiscais sem CPF podem ser doadas exclusivamente pelos consumidores, de forma espont\u00e2nea para entidades sem fins lucrativos, entre elas, a Passos! Este valor \u00e9 repassado para n\u00f3s como cr\u00e9ditos e sorteios e s\u00e3o utilizados para a manuten\u00e7\u00e3o e continuidade&hellip; Continuar lendo Programa Nota Paran\u00e1\" \/>\n<meta property=\"og:url\" content=\"https:\/\/site.passosdacrianca.org.brapoie\/programa-nota-parana\/\" \/>\n<meta property=\"og:site_name\" content=\"Passos da Crian\u00e7a: E ai, vamos transformar?\" \/>\n<meta property=\"article:modified_time\" content=\"2024-05-13T18:58:32+00:00\" \/>\n<meta name=\"twitter:card\" content=\"summary_large_image\" \/>\n<script type=\"application\/ld+json\" class=\"yoast-schema-graph\">{\"@context\":\"https:\/\/schema.org\",\"@graph\":[{\"@type\":\"WebPage\",\"@id\":\"https:\/\/passosdacrianca.org.br\/novo\/apoie\/programa-nota-parana\/\",\"url\":\"https:\/\/passosdacrianca.org.br\/novo\/apoie\/programa-nota-parana\/\",\"name\":\"Programa Nota Paran\u00e1 - Passos da Crian\u00e7a: E ai, vamos transformar?\",\"isPartOf\":{\"@id\":\"https:\/\/passosdacrianca.org.br\/novo\/#website\"},\"datePublished\":\"2024-04-30T19:12:53+00:00\",\"dateModified\":\"2024-05-13T18:58:32+00:00\",\"breadcrumb\":{\"@id\":\"https:\/\/passosdacrianca.org.br\/novo\/apoie\/programa-nota-parana\/#breadcrumb\"},\"inLanguage\":\"pt-BR\",\"potentialAction\":[{\"@type\":\"ReadAction\",\"target\":[\"https:\/\/passosdacrianca.org.br\/novo\/apoie\/programa-nota-parana\/\"]}]},{\"@type\":\"BreadcrumbList\",\"@id\":\"https:\/\/passosdacrianca.org.br\/novo\/apoie\/programa-nota-parana\/#breadcrumb\",\"itemListElement\":[{\"@type\":\"ListItem\",\"position\":1,\"name\":\"In\u00edcio\",\"item\":\"https:\/\/passosdacrianca.org.br\/novo\/\"},{\"@type\":\"ListItem\",\"position\":2,\"name\":\"Contribua para transformar vidas\",\"item\":\"https:\/\/passosdacrianca.org.br\/novo\/apoie\/\"},{\"@type\":\"ListItem\",\"position\":3,\"name\":\"Programa Nota Paran\u00e1\"}]},{\"@type\":\"WebSite\",\"@id\":\"https:\/\/passosdacrianca.org.br\/novo\/#website\",\"url\":\"https:\/\/passosdacrianca.org.br\/novo\/\",\"name\":\"Passos da Crian\u00e7a: E ai, vamos transformar?\",\"description\":\"\",\"potentialAction\":[{\"@type\":\"SearchAction\",\"target\":{\"@type\":\"EntryPoint\",\"urlTemplate\":\"https:\/\/passosdacrianca.org.br\/novo\/?s={search_term_string}\"},\"query-input\":{\"@type\":\"PropertyValueSpecification\",\"valueRequired\":true,\"valueName\":\"search_term_string\"}}],\"inLanguage\":\"pt-BR\"}]}<\/script>\n<!-- \/ Yoast SEO plugin. -->","yoast_head_json":{"title":"Programa Nota Paran\u00e1 - Passos da Crian\u00e7a: E ai, vamos transformar?","robots":{"index":"noindex","follow":"follow","max-snippet":"max-snippet:-1","max-image-preview":"max-image-preview:large","max-video-preview":"max-video-preview:-1"},"og_locale":"pt_BR","og_type":"article","og_title":"Programa Nota Paran\u00e1 - Passos da Crian\u00e7a: E ai, vamos transformar?","og_description":"Desde 2016 a Passos da Crian\u00e7a faz parte do programa Nota Paran\u00e1, programa onde as notas fiscais sem CPF podem ser doadas exclusivamente pelos consumidores, de forma espont\u00e2nea para entidades sem fins lucrativos, entre elas, a Passos! Este valor \u00e9 repassado para n\u00f3s como cr\u00e9ditos e sorteios e s\u00e3o utilizados para a manuten\u00e7\u00e3o e continuidade&hellip; Continuar lendo Programa Nota Paran\u00e1","og_url":"https:\/\/site.passosdacrianca.org.brapoie\/programa-nota-parana\/","og_site_name":"Passos da Crian\u00e7a: E ai, vamos transformar?","article_modified_time":"2024-05-13T18:58:32+00:00","twitter_card":"summary_large_image","schema":{"@context":"https:\/\/schema.org","@graph":[{"@type":"WebPage","@id":"https:\/\/passosdacrianca.org.br\/novo\/apoie\/programa-nota-parana\/","url":"https:\/\/passosdacrianca.org.br\/novo\/apoie\/programa-nota-parana\/","name":"Programa Nota Paran\u00e1 - Passos da Crian\u00e7a: E ai, vamos transformar?","isPartOf":{"@id":"https:\/\/passosdacrianca.org.br\/novo\/#website"},"datePublished":"2024-04-30T19:12:53+00:00","dateModified":"2024-05-13T18:58:32+00:00","breadcrumb":{"@id":"https:\/\/passosdacrianca.org.br\/novo\/apoie\/programa-nota-parana\/#breadcrumb"},"inLanguage":"pt-BR","potentialAction":[{"@type":"ReadAction","target":["https:\/\/passosdacrianca.org.br\/novo\/apoie\/programa-nota-parana\/"]}]},{"@type":"BreadcrumbList","@id":"https:\/\/passosdacrianca.org.br\/novo\/apoie\/programa-nota-parana\/#breadcrumb","itemListElement":[{"@type":"ListItem","position":1,"name":"In\u00edcio","item":"https:\/\/passosdacrianca.org.br\/novo\/"},{"@type":"ListItem","position":2,"name":"Contribua para transformar vidas","item":"https:\/\/passosdacrianca.org.br\/novo\/apoie\/"},{"@type":"ListItem","position":3,"name":"Programa Nota Paran\u00e1"}]},{"@type":"WebSite","@id":"https:\/\/passosdacrianca.org.br\/novo\/#website","url":"https:\/\/passosdacrianca.org.br\/novo\/","name":"Passos da Crian\u00e7a: E ai, vamos transformar?","description":"","potentialAction":[{"@type":"SearchAction","target":{"@type":"EntryPoint","urlTemplate":"https:\/\/passosdacrianca.org.br\/novo\/?s={search_term_string}"},"query-input":{"@type":"PropertyValueSpecification","valueRequired":true,"valueName":"search_term_string"}}],"inLanguage":"pt-BR"}]}},"_links":{"self":[{"href":"https:\/\/passosdacrianca.org.br\/novo\/wp-json\/wp\/v2\/pages\/45","targetHints":{"allow":["GET"]}}],"collection":[{"href":"https:\/\/passosdacrianca.org.br\/novo\/wp-json\/wp\/v2\/pages"}],"about":[{"href":"https:\/\/passosdacrianca.org.br\/novo\/wp-json\/wp\/v2\/types\/page"}],"author":[{"embeddable":true,"href":"https:\/\/passosdacrianca.org.br\/novo\/wp-json\/wp\/v2\/users\/1"}],"replies":[{"embeddable":true,"href":"https:\/\/passosdacrianca.org.br\/novo\/wp-json\/wp\/v2\/comments?post=45"}],"version-history":[{"count":13,"href":"https:\/\/passosdacrianca.org.br\/novo\/wp-json\/wp\/v2\/pages\/45\/revisions"}],"predecessor-version":[{"id":720,"href":"https:\/\/passosdacrianca.org.br\/novo\/wp-json\/wp\/v2\/pages\/45\/revisions\/720"}],"up":[{"embeddable":true,"href":"https:\/\/passosdacrianca.org.br\/novo\/wp-json\/wp\/v2\/pages\/14"}],"wp:attachment":[{"href":"https:\/\/passosdacrianca.org.br\/novo\/wp-json\/wp\/v2\/media?parent=45"}],"curies":[{"name":"wp","href":"https:\/\/api.w.org\/{rel}","templated":true}]}}