{"id":43,"date":"2024-04-30T16:11:57","date_gmt":"2024-04-30T19:11:57","guid":{"rendered":"https:\/\/rupt3d.com.br\/passowp\/?page_id=43"},"modified":"2025-02-08T10:45:33","modified_gmt":"2025-02-08T13:45:33","slug":"copel","status":"publish","type":"page","link":"https:\/\/site.passosdacrianca.org.br\/apoie\/copel\/","title":{"rendered":"Copel"},"content":{"rendered":"<div class=\"wp-block-image\">\n<figure class=\"aligncenter is-resized\"><img decoding=\"async\" src=\"https:\/\/passosdacrianca.org.br\/wp-content\/uploads\/2022\/02\/copel-001.png\" alt=\"vamos juntos transformar a vida de uma crian\u00e7a\" class=\"wp-image-259750\" style=\"width:476px;height:auto\" title=\"copel-001\"\/><\/figure>\n<\/div>\n\n\n<p class=\"max-w-[500px]\">A Passos da Crian\u00e7a, atrav\u00e9s do programa CVT da <strong><mark style=\"background-color:rgba(0, 0, 0, 0);color:#ff9900\" class=\"has-inline-color\">Copel<\/mark><\/strong> aumentou as formas de capta\u00e7\u00e3o de recursos. Agora, com uma doa\u00e7\u00e3o na sua <strong><mark style=\"background-color:rgba(0, 0, 0, 0);color:#ff9900\" class=\"has-inline-color\">conta de luz<\/mark><\/strong>, voc\u00ea poder\u00e1 fazer a diferen\u00e7a na vida de muitas crian\u00e7as e adolescentes atendidos pelo projeto. Fa\u00e7a parte desta transforma\u00e7\u00e3o.<\/p>\n","protected":false},"excerpt":{"rendered":"<p>A Passos da Crian\u00e7a, atrav\u00e9s do programa CVT da Copel aumentou as formas de capta\u00e7\u00e3o de recursos. Agora, com uma doa\u00e7\u00e3o na sua conta de luz, voc\u00ea poder\u00e1 fazer a diferen\u00e7a na vida de muitas crian\u00e7as e adolescentes atendidos pelo projeto. Fa\u00e7a parte desta transforma\u00e7\u00e3o.<\/p>\n","protected":false},"author":1,"featured_media":0,"parent":14,"menu_order":0,"comment_status":"closed","ping_status":"closed","template":"","meta":{"_eb_attr":"","footnotes":""},"class_list":["post-43","page","type-page","status-publish","hentry","entry"],"gutenberg_blocks":[{"blockName":"core\/image","attrs":{"id":259750,"width":"476px","height":"auto","align":"center"},"innerBlocks":[],"innerHTML":"\n<figure class=\"wp-block-image aligncenter is-resized\"><img src=\"https:\/\/passosdacrianca.org.br\/wp-content\/uploads\/2022\/02\/copel-001.png\" alt=\"vamos juntos transformar a vida de uma crian\u00e7a\" class=\"wp-image-259750\" style=\"width:476px;height:auto\" title=\"copel-001\"\/><\/figure>\n","innerContent":["\n<figure class=\"wp-block-image aligncenter is-resized\"><img src=\"https:\/\/passosdacrianca.org.br\/wp-content\/uploads\/2022\/02\/copel-001.png\" alt=\"vamos juntos transformar a vida de uma crian\u00e7a\" class=\"wp-image-259750\" style=\"width:476px;height:auto\" title=\"copel-001\"\/><\/figure>\n"]},{"blockName":null,"attrs":[],"innerBlocks":[],"innerHTML":"\n\n","innerContent":["\n\n"]},{"blockName":"core\/paragraph","attrs":{"className":"max-w-[500px]"},"innerBlocks":[],"innerHTML":"\n<p class=\"max-w-[500px]\">A Passos da Crian\u00e7a, atrav\u00e9s do programa CVT da <strong><mark style=\"background-color:rgba(0, 0, 0, 0);color:#ff9900\" class=\"has-inline-color\">Copel<\/mark><\/strong> aumentou as formas de capta\u00e7\u00e3o de recursos. Agora, com uma doa\u00e7\u00e3o na sua <strong><mark style=\"background-color:rgba(0, 0, 0, 0);color:#ff9900\" class=\"has-inline-color\">conta de luz<\/mark><\/strong>, voc\u00ea poder\u00e1 fazer a diferen\u00e7a na vida de muitas crian\u00e7as e adolescentes atendidos pelo projeto. Fa\u00e7a parte desta transforma\u00e7\u00e3o.<\/p>\n","innerContent":["\n<p class=\"max-w-[500px]\">A Passos da Crian\u00e7a, atrav\u00e9s do programa CVT da <strong><mark style=\"background-color:rgba(0, 0, 0, 0);color:#ff9900\" class=\"has-inline-color\">Copel<\/mark><\/strong> aumentou as formas de capta\u00e7\u00e3o de recursos. Agora, com uma doa\u00e7\u00e3o na sua <strong><mark style=\"background-color:rgba(0, 0, 0, 0);color:#ff9900\" class=\"has-inline-color\">conta de luz<\/mark><\/strong>, voc\u00ea poder\u00e1 fazer a diferen\u00e7a na vida de muitas crian\u00e7as e adolescentes atendidos pelo projeto. Fa\u00e7a parte desta transforma\u00e7\u00e3o.<\/p>\n"]}],"yoast_head":"<!-- This site is optimized with the Yoast SEO plugin v27.2 - https:\/\/yoast.com\/product\/yoast-seo-wordpress\/ -->\n<title>Copel - Passos da Crian\u00e7a: E ai, vamos transformar?<\/title>\n<meta name=\"robots\" content=\"noindex, follow, max-snippet:-1, max-image-preview:large, max-video-preview:-1\" \/>\n<meta property=\"og:locale\" content=\"pt_BR\" \/>\n<meta property=\"og:type\" content=\"article\" \/>\n<meta property=\"og:title\" content=\"Copel - Passos da Crian\u00e7a: E ai, vamos transformar?\" \/>\n<meta property=\"og:description\" content=\"A Passos da Crian\u00e7a, atrav\u00e9s do programa CVT da Copel aumentou as formas de capta\u00e7\u00e3o de recursos. Agora, com uma doa\u00e7\u00e3o na sua conta de luz, voc\u00ea poder\u00e1 fazer a diferen\u00e7a na vida de muitas crian\u00e7as e adolescentes atendidos pelo projeto. Fa\u00e7a parte desta transforma\u00e7\u00e3o.\" \/>\n<meta property=\"og:url\" content=\"https:\/\/site.passosdacrianca.org.brapoie\/copel\/\" \/>\n<meta property=\"og:site_name\" content=\"Passos da Crian\u00e7a: E ai, vamos transformar?\" \/>\n<meta property=\"article:modified_time\" content=\"2025-02-08T13:45:33+00:00\" \/>\n<meta property=\"og:image\" content=\"https:\/\/passosdacrianca.org.br\/wp-content\/uploads\/2022\/02\/copel-001.png\" \/>\n<meta name=\"twitter:card\" content=\"summary_large_image\" \/>\n<meta name=\"twitter:label1\" content=\"Est. tempo de leitura\" \/>\n\t<meta name=\"twitter:data1\" content=\"1 minuto\" \/>\n<script type=\"application\/ld+json\" class=\"yoast-schema-graph\">{\"@context\":\"https:\/\/schema.org\",\"@graph\":[{\"@type\":\"WebPage\",\"@id\":\"https:\/\/passosdacrianca.org.br\/novo\/apoie\/copel\/\",\"url\":\"https:\/\/passosdacrianca.org.br\/novo\/apoie\/copel\/\",\"name\":\"Copel - Passos da Crian\u00e7a: E ai, vamos transformar?\",\"isPartOf\":{\"@id\":\"https:\/\/passosdacrianca.org.br\/novo\/#website\"},\"primaryImageOfPage\":{\"@id\":\"https:\/\/passosdacrianca.org.br\/novo\/apoie\/copel\/#primaryimage\"},\"image\":{\"@id\":\"https:\/\/passosdacrianca.org.br\/novo\/apoie\/copel\/#primaryimage\"},\"thumbnailUrl\":\"https:\/\/passosdacrianca.org.br\/wp-content\/uploads\/2022\/02\/copel-001.png\",\"datePublished\":\"2024-04-30T19:11:57+00:00\",\"dateModified\":\"2025-02-08T13:45:33+00:00\",\"breadcrumb\":{\"@id\":\"https:\/\/passosdacrianca.org.br\/novo\/apoie\/copel\/#breadcrumb\"},\"inLanguage\":\"pt-BR\",\"potentialAction\":[{\"@type\":\"ReadAction\",\"target\":[\"https:\/\/passosdacrianca.org.br\/novo\/apoie\/copel\/\"]}]},{\"@type\":\"ImageObject\",\"inLanguage\":\"pt-BR\",\"@id\":\"https:\/\/passosdacrianca.org.br\/novo\/apoie\/copel\/#primaryimage\",\"url\":\"https:\/\/passosdacrianca.org.br\/wp-content\/uploads\/2022\/02\/copel-001.png\",\"contentUrl\":\"https:\/\/passosdacrianca.org.br\/wp-content\/uploads\/2022\/02\/copel-001.png\"},{\"@type\":\"BreadcrumbList\",\"@id\":\"https:\/\/passosdacrianca.org.br\/novo\/apoie\/copel\/#breadcrumb\",\"itemListElement\":[{\"@type\":\"ListItem\",\"position\":1,\"name\":\"In\u00edcio\",\"item\":\"https:\/\/passosdacrianca.org.br\/novo\/\"},{\"@type\":\"ListItem\",\"position\":2,\"name\":\"Contribua para transformar vidas\",\"item\":\"https:\/\/passosdacrianca.org.br\/novo\/apoie\/\"},{\"@type\":\"ListItem\",\"position\":3,\"name\":\"Copel\"}]},{\"@type\":\"WebSite\",\"@id\":\"https:\/\/passosdacrianca.org.br\/novo\/#website\",\"url\":\"https:\/\/passosdacrianca.org.br\/novo\/\",\"name\":\"Passos da Crian\u00e7a: E ai, vamos transformar?\",\"description\":\"\",\"potentialAction\":[{\"@type\":\"SearchAction\",\"target\":{\"@type\":\"EntryPoint\",\"urlTemplate\":\"https:\/\/passosdacrianca.org.br\/novo\/?s={search_term_string}\"},\"query-input\":{\"@type\":\"PropertyValueSpecification\",\"valueRequired\":true,\"valueName\":\"search_term_string\"}}],\"inLanguage\":\"pt-BR\"}]}<\/script>\n<!-- \/ Yoast SEO plugin. -->","yoast_head_json":{"title":"Copel - Passos da Crian\u00e7a: E ai, vamos transformar?","robots":{"index":"noindex","follow":"follow","max-snippet":"max-snippet:-1","max-image-preview":"max-image-preview:large","max-video-preview":"max-video-preview:-1"},"og_locale":"pt_BR","og_type":"article","og_title":"Copel - Passos da Crian\u00e7a: E ai, vamos transformar?","og_description":"A Passos da Crian\u00e7a, atrav\u00e9s do programa CVT da Copel aumentou as formas de capta\u00e7\u00e3o de recursos. Agora, com uma doa\u00e7\u00e3o na sua conta de luz, voc\u00ea poder\u00e1 fazer a diferen\u00e7a na vida de muitas crian\u00e7as e adolescentes atendidos pelo projeto. Fa\u00e7a parte desta transforma\u00e7\u00e3o.","og_url":"https:\/\/site.passosdacrianca.org.brapoie\/copel\/","og_site_name":"Passos da Crian\u00e7a: E ai, vamos transformar?","article_modified_time":"2025-02-08T13:45:33+00:00","og_image":[{"url":"https:\/\/passosdacrianca.org.br\/wp-content\/uploads\/2022\/02\/copel-001.png","type":"","width":"","height":""}],"twitter_card":"summary_large_image","twitter_misc":{"Est. tempo de leitura":"1 minuto"},"schema":{"@context":"https:\/\/schema.org","@graph":[{"@type":"WebPage","@id":"https:\/\/passosdacrianca.org.br\/novo\/apoie\/copel\/","url":"https:\/\/passosdacrianca.org.br\/novo\/apoie\/copel\/","name":"Copel - Passos da Crian\u00e7a: E ai, vamos transformar?","isPartOf":{"@id":"https:\/\/passosdacrianca.org.br\/novo\/#website"},"primaryImageOfPage":{"@id":"https:\/\/passosdacrianca.org.br\/novo\/apoie\/copel\/#primaryimage"},"image":{"@id":"https:\/\/passosdacrianca.org.br\/novo\/apoie\/copel\/#primaryimage"},"thumbnailUrl":"https:\/\/passosdacrianca.org.br\/wp-content\/uploads\/2022\/02\/copel-001.png","datePublished":"2024-04-30T19:11:57+00:00","dateModified":"2025-02-08T13:45:33+00:00","breadcrumb":{"@id":"https:\/\/passosdacrianca.org.br\/novo\/apoie\/copel\/#breadcrumb"},"inLanguage":"pt-BR","potentialAction":[{"@type":"ReadAction","target":["https:\/\/passosdacrianca.org.br\/novo\/apoie\/copel\/"]}]},{"@type":"ImageObject","inLanguage":"pt-BR","@id":"https:\/\/passosdacrianca.org.br\/novo\/apoie\/copel\/#primaryimage","url":"https:\/\/passosdacrianca.org.br\/wp-content\/uploads\/2022\/02\/copel-001.png","contentUrl":"https:\/\/passosdacrianca.org.br\/wp-content\/uploads\/2022\/02\/copel-001.png"},{"@type":"BreadcrumbList","@id":"https:\/\/passosdacrianca.org.br\/novo\/apoie\/copel\/#breadcrumb","itemListElement":[{"@type":"ListItem","position":1,"name":"In\u00edcio","item":"https:\/\/passosdacrianca.org.br\/novo\/"},{"@type":"ListItem","position":2,"name":"Contribua para transformar vidas","item":"https:\/\/passosdacrianca.org.br\/novo\/apoie\/"},{"@type":"ListItem","position":3,"name":"Copel"}]},{"@type":"WebSite","@id":"https:\/\/passosdacrianca.org.br\/novo\/#website","url":"https:\/\/passosdacrianca.org.br\/novo\/","name":"Passos da Crian\u00e7a: E ai, vamos transformar?","description":"","potentialAction":[{"@type":"SearchAction","target":{"@type":"EntryPoint","urlTemplate":"https:\/\/passosdacrianca.org.br\/novo\/?s={search_term_string}"},"query-input":{"@type":"PropertyValueSpecification","valueRequired":true,"valueName":"search_term_string"}}],"inLanguage":"pt-BR"}]}},"_links":{"self":[{"href":"https:\/\/passosdacrianca.org.br\/novo\/wp-json\/wp\/v2\/pages\/43","targetHints":{"allow":["GET"]}}],"collection":[{"href":"https:\/\/passosdacrianca.org.br\/novo\/wp-json\/wp\/v2\/pages"}],"about":[{"href":"https:\/\/passosdacrianca.org.br\/novo\/wp-json\/wp\/v2\/types\/page"}],"author":[{"embeddable":true,"href":"https:\/\/passosdacrianca.org.br\/novo\/wp-json\/wp\/v2\/users\/1"}],"replies":[{"embeddable":true,"href":"https:\/\/passosdacrianca.org.br\/novo\/wp-json\/wp\/v2\/comments?post=43"}],"version-history":[{"count":39,"href":"https:\/\/passosdacrianca.org.br\/novo\/wp-json\/wp\/v2\/pages\/43\/revisions"}],"predecessor-version":[{"id":264444,"href":"https:\/\/passosdacrianca.org.br\/novo\/wp-json\/wp\/v2\/pages\/43\/revisions\/264444"}],"up":[{"embeddable":true,"href":"https:\/\/passosdacrianca.org.br\/novo\/wp-json\/wp\/v2\/pages\/14"}],"wp:attachment":[{"href":"https:\/\/passosdacrianca.org.br\/novo\/wp-json\/wp\/v2\/media?parent=43"}],"curies":[{"name":"wp","href":"https:\/\/api.w.org\/{rel}","templated":true}]}}