{"id":2,"date":"2024-04-08T15:36:41","date_gmt":"2024-04-08T18:36:41","guid":{"rendered":"https:\/\/rupt3d.com.br\/passowp\/?page_id=2"},"modified":"2024-11-11T16:01:05","modified_gmt":"2024-11-11T19:01:05","slug":"pagina-exemplo","status":"publish","type":"page","link":"https:\/\/site.passosdacrianca.org.br\/","title":{"rendered":"Passos da Crian\u00e7a: E ai, vamos transformar?"},"content":{"rendered":"\n<div class=\"wp-block-columns alignwide is-layout-flex wp-container-core-columns-is-layout-dd899f8a wp-block-columns-is-layout-flex\" style=\"padding-top:var(--wp--preset--spacing--70);padding-right:0;padding-bottom:var(--wp--preset--spacing--70);padding-left:0\">\n<div class=\"wp-block-column is-vertically-aligned-center is-layout-flow wp-block-column-is-layout-flow\" style=\"padding-right:0px;padding-left:0px\">\n<iframe loading=\"lazy\" width=\"100%\" height=\"315\" src=\"https:\/\/www.youtube.com\/embed\/IsCyvJCldDQ?si=DDwMWcWjedmJ6OPq\" title=\"YouTube video player\" frameborder=\"0\" allow=\"accelerometer; autoplay; clipboard-write; encrypted-media; gyroscope; picture-in-picture; web-share\" referrerpolicy=\"strict-origin-when-cross-origin\" allowfullscreen><\/iframe>\n<\/div>\n\n\n\n<div class=\"wp-block-column is-vertically-aligned-center is-layout-flow wp-block-column-is-layout-flow\" style=\"padding-right:0px;padding-left:0px\">\n<p class=\"has-text-color has-link-color wp-elements-7ca10e48daa6ade8d69b21f9175640e6\" style=\"color:#35a8e0;font-size:40px\"><strong>Quem somos<\/strong><\/p>\n\n\n\n<p class=\"has-gray-color has-text-color has-link-color wp-elements-cbcac5bc9472591e8b39d40e2fde0967\" style=\"font-style:normal;font-weight:400;letter-spacing:1.5px\"><mark style=\"background-color:rgba(0, 0, 0, 0)\" class=\"has-inline-color has-black-color\">Somos uma organiza\u00e7\u00e3o da sociedade civil (OSC), carinhosamente chamada de Passos da Crian\u00e7a. Iniciamos nossa atua\u00e7\u00e3o em 2004, e desde ent\u00e3o, atuamos na <strong>promo\u00e7\u00e3o do desenvolvimento integral de crian\u00e7as e adolescentes em situa\u00e7\u00e3o de vulnerabilidade social<\/strong>, moradores da comunidade Vila Torres, em Curitiba\/PR.<\/mark><br><\/p>\n\n\n\n<p class=\"has-text-align-left bt-azulclaro alignleft\"><a href=\"\/passos\">SAIBA MAIS<\/a><\/p>\n<\/div>\n<\/div>\n\n\n\n<p><\/p>\n","protected":false},"excerpt":{"rendered":"<p>Quem somos Somos uma organiza\u00e7\u00e3o da sociedade civil (OSC), carinhosamente chamada de Passos da Crian\u00e7a. Iniciamos nossa atua\u00e7\u00e3o em 2004, e desde ent\u00e3o, atuamos na promo\u00e7\u00e3o do desenvolvimento integral de crian\u00e7as e adolescentes em situa\u00e7\u00e3o de vulnerabilidade social, moradores da comunidade Vila Torres, em Curitiba\/PR. SAIBA MAIS<\/p>\n","protected":false},"author":1,"featured_media":0,"parent":0,"menu_order":0,"comment_status":"closed","ping_status":"closed","template":"","meta":{"_eb_attr":"","footnotes":""},"class_list":["post-2","page","type-page","status-publish","hentry","entry"],"gutenberg_blocks":[{"blockName":"core\/columns","attrs":{"align":"wide","style":{"spacing":{"padding":{"right":"0","left":"0","top":"var:preset|spacing|70","bottom":"var:preset|spacing|70"}}}},"innerBlocks":[{"blockName":"core\/column","attrs":{"verticalAlignment":"center","style":{"spacing":{"padding":{"right":"0px","left":"0px"}}}},"innerBlocks":[{"blockName":"core\/html","attrs":[],"innerBlocks":[],"innerHTML":"\n<iframe width=\"100%\" height=\"315\" src=\"https:\/\/www.youtube.com\/embed\/IsCyvJCldDQ?si=DDwMWcWjedmJ6OPq\" title=\"YouTube video player\" frameborder=\"0\" allow=\"accelerometer; autoplay; clipboard-write; encrypted-media; gyroscope; picture-in-picture; web-share\" referrerpolicy=\"strict-origin-when-cross-origin\" allowfullscreen><\/iframe>\n","innerContent":["\n<iframe width=\"100%\" height=\"315\" src=\"https:\/\/www.youtube.com\/embed\/IsCyvJCldDQ?si=DDwMWcWjedmJ6OPq\" title=\"YouTube video player\" frameborder=\"0\" allow=\"accelerometer; autoplay; clipboard-write; encrypted-media; gyroscope; picture-in-picture; web-share\" referrerpolicy=\"strict-origin-when-cross-origin\" allowfullscreen><\/iframe>\n"]}],"innerHTML":"\n<div class=\"wp-block-column is-vertically-aligned-center\" style=\"padding-right:0px;padding-left:0px\"><\/div>\n","innerContent":["\n<div class=\"wp-block-column is-vertically-aligned-center\" style=\"padding-right:0px;padding-left:0px\">",null,"<\/div>\n"]},{"blockName":"core\/column","attrs":{"verticalAlignment":"center","style":{"spacing":{"padding":{"right":"0px","left":"0px"}}}},"innerBlocks":[{"blockName":"core\/paragraph","attrs":{"style":{"elements":{"link":{"color":{"text":"#35a8e0"}}},"color":{"text":"#35a8e0"},"typography":{"fontSize":"40px"}}},"innerBlocks":[],"innerHTML":"\n<p class=\"has-text-color has-link-color\" style=\"color:#35a8e0;font-size:40px\"><strong>Quem somos<\/strong><\/p>\n","innerContent":["\n<p class=\"has-text-color has-link-color\" style=\"color:#35a8e0;font-size:40px\"><strong>Quem somos<\/strong><\/p>\n"]},{"blockName":"core\/paragraph","attrs":{"style":{"elements":{"link":{"color":{"text":"var:preset|color|gray"}}},"typography":{"fontStyle":"normal","fontWeight":"400","letterSpacing":"1.5px"}},"textColor":"gray"},"innerBlocks":[],"innerHTML":"\n<p class=\"has-gray-color has-text-color has-link-color\" style=\"font-style:normal;font-weight:400;letter-spacing:1.5px\"><mark style=\"background-color:rgba(0, 0, 0, 0)\" class=\"has-inline-color has-black-color\">Somos uma organiza\u00e7\u00e3o da sociedade civil (OSC), carinhosamente chamada de Passos da Crian\u00e7a. Iniciamos nossa atua\u00e7\u00e3o em 2004, e desde ent\u00e3o, atuamos na <strong>promo\u00e7\u00e3o do desenvolvimento integral de crian\u00e7as e adolescentes em situa\u00e7\u00e3o de vulnerabilidade social<\/strong>, moradores da comunidade Vila Torres, em Curitiba\/PR.<\/mark><br><\/p>\n","innerContent":["\n<p class=\"has-gray-color has-text-color has-link-color\" style=\"font-style:normal;font-weight:400;letter-spacing:1.5px\"><mark style=\"background-color:rgba(0, 0, 0, 0)\" class=\"has-inline-color has-black-color\">Somos uma organiza\u00e7\u00e3o da sociedade civil (OSC), carinhosamente chamada de Passos da Crian\u00e7a. Iniciamos nossa atua\u00e7\u00e3o em 2004, e desde ent\u00e3o, atuamos na <strong>promo\u00e7\u00e3o do desenvolvimento integral de crian\u00e7as e adolescentes em situa\u00e7\u00e3o de vulnerabilidade social<\/strong>, moradores da comunidade Vila Torres, em Curitiba\/PR.<\/mark><br><\/p>\n"]},{"blockName":"core\/paragraph","attrs":{"align":"left","className":"bt-azulclaro alignleft"},"innerBlocks":[],"innerHTML":"\n<p class=\"has-text-align-left bt-azulclaro alignleft\"><a href=\"\/passos\">SAIBA MAIS<\/a><\/p>\n","innerContent":["\n<p class=\"has-text-align-left bt-azulclaro alignleft\"><a href=\"\/passos\">SAIBA MAIS<\/a><\/p>\n"]}],"innerHTML":"\n<div class=\"wp-block-column is-vertically-aligned-center\" style=\"padding-right:0px;padding-left:0px\">\n\n\n\n<\/div>\n","innerContent":["\n<div class=\"wp-block-column is-vertically-aligned-center\" style=\"padding-right:0px;padding-left:0px\">",null,"\n\n",null,"\n\n",null,"<\/div>\n"]}],"innerHTML":"\n<div class=\"wp-block-columns alignwide\" style=\"padding-top:var(--wp--preset--spacing--70);padding-right:0;padding-bottom:var(--wp--preset--spacing--70);padding-left:0\">\n\n<\/div>\n","innerContent":["\n<div class=\"wp-block-columns alignwide\" style=\"padding-top:var(--wp--preset--spacing--70);padding-right:0;padding-bottom:var(--wp--preset--spacing--70);padding-left:0\">",null,"\n\n",null,"<\/div>\n"]},{"blockName":null,"attrs":[],"innerBlocks":[],"innerHTML":"\n\n","innerContent":["\n\n"]},{"blockName":"core\/paragraph","attrs":[],"innerBlocks":[],"innerHTML":"\n<p><\/p>\n","innerContent":["\n<p><\/p>\n"]}],"yoast_head":"<!-- This site is optimized with the Yoast SEO plugin v27.2 - https:\/\/yoast.com\/product\/yoast-seo-wordpress\/ -->\n<title>Passos da Crian\u00e7a: E ai, vamos transformar? - Passos da Crian\u00e7a: E ai, vamos transformar?<\/title>\n<meta name=\"robots\" content=\"noindex, follow, max-snippet:-1, max-image-preview:large, max-video-preview:-1\" \/>\n<meta property=\"og:locale\" content=\"pt_BR\" \/>\n<meta property=\"og:type\" content=\"article\" \/>\n<meta property=\"og:title\" content=\"Passos da Crian\u00e7a: E ai, vamos transformar? - Passos da Crian\u00e7a: E ai, vamos transformar?\" \/>\n<meta property=\"og:description\" content=\"Quem somos Somos uma organiza\u00e7\u00e3o da sociedade civil (OSC), carinhosamente chamada de Passos da Crian\u00e7a. Iniciamos nossa atua\u00e7\u00e3o em 2004, e desde ent\u00e3o, atuamos na promo\u00e7\u00e3o do desenvolvimento integral de crian\u00e7as e adolescentes em situa\u00e7\u00e3o de vulnerabilidade social, moradores da comunidade Vila Torres, em Curitiba\/PR. SAIBA MAIS\" \/>\n<meta property=\"og:url\" content=\"https:\/\/site.passosdacrianca.org.br\" \/>\n<meta property=\"og:site_name\" content=\"Passos da Crian\u00e7a: E ai, vamos transformar?\" \/>\n<meta property=\"article:modified_time\" content=\"2024-11-11T19:01:05+00:00\" \/>\n<meta name=\"twitter:card\" content=\"summary_large_image\" \/>\n<meta name=\"twitter:label1\" content=\"Est. tempo de leitura\" \/>\n\t<meta name=\"twitter:data1\" content=\"1 minuto\" \/>\n<script type=\"application\/ld+json\" class=\"yoast-schema-graph\">{\"@context\":\"https:\/\/schema.org\",\"@graph\":[{\"@type\":\"WebPage\",\"@id\":\"https:\/\/passosdacrianca.org.br\/novo\/\",\"url\":\"https:\/\/passosdacrianca.org.br\/novo\/\",\"name\":\"Passos da Crian\u00e7a: E ai, vamos transformar? - Passos da Crian\u00e7a: E ai, vamos transformar?\",\"isPartOf\":{\"@id\":\"https:\/\/passosdacrianca.org.br\/novo\/#website\"},\"datePublished\":\"2024-04-08T18:36:41+00:00\",\"dateModified\":\"2024-11-11T19:01:05+00:00\",\"breadcrumb\":{\"@id\":\"https:\/\/passosdacrianca.org.br\/novo\/#breadcrumb\"},\"inLanguage\":\"pt-BR\",\"potentialAction\":[{\"@type\":\"ReadAction\",\"target\":[\"https:\/\/passosdacrianca.org.br\/novo\/\"]}]},{\"@type\":\"BreadcrumbList\",\"@id\":\"https:\/\/passosdacrianca.org.br\/novo\/#breadcrumb\",\"itemListElement\":[{\"@type\":\"ListItem\",\"position\":1,\"name\":\"In\u00edcio\",\"item\":\"https:\/\/passosdacrianca.org.br\/novo\/\"},{\"@type\":\"ListItem\",\"position\":2,\"name\":\"Passos da Crian\u00e7a: E ai, vamos transformar?\"}]},{\"@type\":\"WebSite\",\"@id\":\"https:\/\/passosdacrianca.org.br\/novo\/#website\",\"url\":\"https:\/\/passosdacrianca.org.br\/novo\/\",\"name\":\"Passos da Crian\u00e7a: E ai, vamos transformar?\",\"description\":\"\",\"potentialAction\":[{\"@type\":\"SearchAction\",\"target\":{\"@type\":\"EntryPoint\",\"urlTemplate\":\"https:\/\/passosdacrianca.org.br\/novo\/?s={search_term_string}\"},\"query-input\":{\"@type\":\"PropertyValueSpecification\",\"valueRequired\":true,\"valueName\":\"search_term_string\"}}],\"inLanguage\":\"pt-BR\"}]}<\/script>\n<!-- \/ Yoast SEO plugin. -->","yoast_head_json":{"title":"Passos da Crian\u00e7a: E ai, vamos transformar? - Passos da Crian\u00e7a: E ai, vamos transformar?","robots":{"index":"noindex","follow":"follow","max-snippet":"max-snippet:-1","max-image-preview":"max-image-preview:large","max-video-preview":"max-video-preview:-1"},"og_locale":"pt_BR","og_type":"article","og_title":"Passos da Crian\u00e7a: E ai, vamos transformar? - Passos da Crian\u00e7a: E ai, vamos transformar?","og_description":"Quem somos Somos uma organiza\u00e7\u00e3o da sociedade civil (OSC), carinhosamente chamada de Passos da Crian\u00e7a. Iniciamos nossa atua\u00e7\u00e3o em 2004, e desde ent\u00e3o, atuamos na promo\u00e7\u00e3o do desenvolvimento integral de crian\u00e7as e adolescentes em situa\u00e7\u00e3o de vulnerabilidade social, moradores da comunidade Vila Torres, em Curitiba\/PR. SAIBA MAIS","og_url":"https:\/\/site.passosdacrianca.org.br","og_site_name":"Passos da Crian\u00e7a: E ai, vamos transformar?","article_modified_time":"2024-11-11T19:01:05+00:00","twitter_card":"summary_large_image","twitter_misc":{"Est. tempo de leitura":"1 minuto"},"schema":{"@context":"https:\/\/schema.org","@graph":[{"@type":"WebPage","@id":"https:\/\/passosdacrianca.org.br\/novo\/","url":"https:\/\/passosdacrianca.org.br\/novo\/","name":"Passos da Crian\u00e7a: E ai, vamos transformar? - Passos da Crian\u00e7a: E ai, vamos transformar?","isPartOf":{"@id":"https:\/\/passosdacrianca.org.br\/novo\/#website"},"datePublished":"2024-04-08T18:36:41+00:00","dateModified":"2024-11-11T19:01:05+00:00","breadcrumb":{"@id":"https:\/\/passosdacrianca.org.br\/novo\/#breadcrumb"},"inLanguage":"pt-BR","potentialAction":[{"@type":"ReadAction","target":["https:\/\/passosdacrianca.org.br\/novo\/"]}]},{"@type":"BreadcrumbList","@id":"https:\/\/passosdacrianca.org.br\/novo\/#breadcrumb","itemListElement":[{"@type":"ListItem","position":1,"name":"In\u00edcio","item":"https:\/\/passosdacrianca.org.br\/novo\/"},{"@type":"ListItem","position":2,"name":"Passos da Crian\u00e7a: E ai, vamos transformar?"}]},{"@type":"WebSite","@id":"https:\/\/passosdacrianca.org.br\/novo\/#website","url":"https:\/\/passosdacrianca.org.br\/novo\/","name":"Passos da Crian\u00e7a: E ai, vamos transformar?","description":"","potentialAction":[{"@type":"SearchAction","target":{"@type":"EntryPoint","urlTemplate":"https:\/\/passosdacrianca.org.br\/novo\/?s={search_term_string}"},"query-input":{"@type":"PropertyValueSpecification","valueRequired":true,"valueName":"search_term_string"}}],"inLanguage":"pt-BR"}]}},"_links":{"self":[{"href":"https:\/\/passosdacrianca.org.br\/novo\/wp-json\/wp\/v2\/pages\/2","targetHints":{"allow":["GET"]}}],"collection":[{"href":"https:\/\/passosdacrianca.org.br\/novo\/wp-json\/wp\/v2\/pages"}],"about":[{"href":"https:\/\/passosdacrianca.org.br\/novo\/wp-json\/wp\/v2\/types\/page"}],"author":[{"embeddable":true,"href":"https:\/\/passosdacrianca.org.br\/novo\/wp-json\/wp\/v2\/users\/1"}],"replies":[{"embeddable":true,"href":"https:\/\/passosdacrianca.org.br\/novo\/wp-json\/wp\/v2\/comments?post=2"}],"version-history":[{"count":82,"href":"https:\/\/passosdacrianca.org.br\/novo\/wp-json\/wp\/v2\/pages\/2\/revisions"}],"predecessor-version":[{"id":264394,"href":"https:\/\/passosdacrianca.org.br\/novo\/wp-json\/wp\/v2\/pages\/2\/revisions\/264394"}],"wp:attachment":[{"href":"https:\/\/passosdacrianca.org.br\/novo\/wp-json\/wp\/v2\/media?parent=2"}],"curies":[{"name":"wp","href":"https:\/\/api.w.org\/{rel}","templated":true}]}}