{"id":14,"date":"2024-04-26T15:24:00","date_gmt":"2024-04-26T18:24:00","guid":{"rendered":"https:\/\/rupt3d.com.br\/passowp\/?page_id=14"},"modified":"2025-06-06T16:02:30","modified_gmt":"2025-06-06T19:02:30","slug":"apoie","status":"publish","type":"page","link":"https:\/\/site.passosdacrianca.org.br\/apoie\/","title":{"rendered":"Contribua para transformar vidas"},"content":{"rendered":"\n<div style=\"height:100px\" aria-hidden=\"true\" class=\"wp-block-spacer\"><\/div>\n\n\n\n<p class=\"has-black-color has-text-color has-link-color has-normal-font-size wp-elements-9ae2b7dabd5c9a437d033818e2fd9d22\" style=\"padding-top:0;padding-right:0;padding-bottom:0;padding-left:0\">Com a sua doa\u00e7\u00e3o, podemos continuar oferecendo atividades essenciais para o crescimento e bem-estar de nossos educandos, proporcionando novas oportunidades de aprendizado e transforma\u00e7\u00e3o. Cada contribui\u00e7\u00e3o \u00e9 um passo importante na constru\u00e7\u00e3o de uma sociedade mais inclusiva e cheia de esperan\u00e7a.<\/p>\n\n\n\n<div style=\"height:100px\" aria-hidden=\"true\" class=\"wp-block-spacer\"><\/div>\n\n\n\n<h2 class=\"wp-block-heading\"><strong>Por que doar?<\/strong><\/h2>\n\n\n\n<ul class=\"wp-block-list has-gray-background-color has-background\">\n<li><strong>Impacto direto<\/strong>: Sua doa\u00e7\u00e3o garante que mais crian\u00e7as e adolescentes tenham acesso a atividades educativas, culturais e esportivas que fazem a diferen\u00e7a em suas vidas.<\/li>\n\n\n\n<li><strong>Transpar\u00eancia e confian\u00e7a<\/strong>: Somos reconhecidos pelo selo Melhores ONGs, um reconhecimento pela nossa gest\u00e3o transparente e eficiente.<\/li>\n\n\n\n<li><strong>Transforma\u00e7\u00e3o social<\/strong>: Ao doar, voc\u00ea contribui para a mudan\u00e7a real na vida de jovens em contextos de vulnerabilidade social, ajudando-os a realizar seus sonhos.<\/li>\n<\/ul>\n\n\n\n<p class=\"has-text-align-center has-large-font-size\"><\/p>\n\n\n<div class=\"wp-block-image\">\n<figure class=\"aligncenter size-full is-resized\"><img loading=\"lazy\" decoding=\"async\" width=\"582\" height=\"582\" src=\"https:\/\/passosdacrianca.org.br\/novo\/wp-content\/uploads\/2024\/11\/QRCODE-PICPAY-PASSOS.png\" alt=\"\" class=\"wp-image-264424\" style=\"width:330px;height:auto\" srcset=\"https:\/\/passosdacrianca.org.br\/novo\/wp-content\/uploads\/2024\/11\/QRCODE-PICPAY-PASSOS.png 582w, https:\/\/passosdacrianca.org.br\/novo\/wp-content\/uploads\/2024\/11\/QRCODE-PICPAY-PASSOS-300x300.png 300w, https:\/\/passosdacrianca.org.br\/novo\/wp-content\/uploads\/2024\/11\/QRCODE-PICPAY-PASSOS-150x150.png 150w\" sizes=\"auto, (max-width: 582px) 100vw, 582px\" \/><\/figure>\n<\/div>\n\n\n<p class=\"has-text-align-center has-text-color has-link-color has-large-font-size wp-elements-ac7ccaf96d836bd0d66469034ed9c002\" style=\"color:#ee6f18\"><strong>FA\u00c7A UM PIX<\/strong><\/p>\n\n\n\n<p><\/p>\n","protected":false},"excerpt":{"rendered":"<p>Com a sua doa\u00e7\u00e3o, podemos continuar oferecendo atividades essenciais para o crescimento e bem-estar de nossos educandos, proporcionando novas oportunidades de aprendizado e transforma\u00e7\u00e3o. Cada contribui\u00e7\u00e3o \u00e9 um passo importante na constru\u00e7\u00e3o de uma sociedade mais inclusiva e cheia de esperan\u00e7a. Por que doar? FA\u00c7A UM PIX<\/p>\n","protected":false},"author":1,"featured_media":0,"parent":0,"menu_order":0,"comment_status":"closed","ping_status":"closed","template":"","meta":{"_eb_attr":"","footnotes":""},"class_list":["post-14","page","type-page","status-publish","hentry","entry"],"gutenberg_blocks":[{"blockName":"core\/spacer","attrs":[],"innerBlocks":[],"innerHTML":"\n<div style=\"height:100px\" aria-hidden=\"true\" class=\"wp-block-spacer\"><\/div>\n","innerContent":["\n<div style=\"height:100px\" aria-hidden=\"true\" class=\"wp-block-spacer\"><\/div>\n"]},{"blockName":null,"attrs":[],"innerBlocks":[],"innerHTML":"\n\n","innerContent":["\n\n"]},{"blockName":"core\/paragraph","attrs":{"style":{"elements":{"link":{"color":{"text":"var:preset|color|black"}}},"spacing":{"padding":{"top":"0","bottom":"0","left":"0","right":"0"}}},"textColor":"black","fontSize":"normal"},"innerBlocks":[],"innerHTML":"\n<p class=\"has-black-color has-text-color has-link-color has-normal-font-size\" style=\"padding-top:0;padding-right:0;padding-bottom:0;padding-left:0\">Com a sua doa\u00e7\u00e3o, podemos continuar oferecendo atividades essenciais para o crescimento e bem-estar de nossos educandos, proporcionando novas oportunidades de aprendizado e transforma\u00e7\u00e3o. Cada contribui\u00e7\u00e3o \u00e9 um passo importante na constru\u00e7\u00e3o de uma sociedade mais inclusiva e cheia de esperan\u00e7a.<\/p>\n","innerContent":["\n<p class=\"has-black-color has-text-color has-link-color has-normal-font-size\" style=\"padding-top:0;padding-right:0;padding-bottom:0;padding-left:0\">Com a sua doa\u00e7\u00e3o, podemos continuar oferecendo atividades essenciais para o crescimento e bem-estar de nossos educandos, proporcionando novas oportunidades de aprendizado e transforma\u00e7\u00e3o. Cada contribui\u00e7\u00e3o \u00e9 um passo importante na constru\u00e7\u00e3o de uma sociedade mais inclusiva e cheia de esperan\u00e7a.<\/p>\n"]},{"blockName":null,"attrs":[],"innerBlocks":[],"innerHTML":"\n\n","innerContent":["\n\n"]},{"blockName":"core\/spacer","attrs":[],"innerBlocks":[],"innerHTML":"\n<div style=\"height:100px\" aria-hidden=\"true\" class=\"wp-block-spacer\"><\/div>\n","innerContent":["\n<div style=\"height:100px\" aria-hidden=\"true\" class=\"wp-block-spacer\"><\/div>\n"]},{"blockName":null,"attrs":[],"innerBlocks":[],"innerHTML":"\n\n","innerContent":["\n\n"]},{"blockName":"core\/heading","attrs":[],"innerBlocks":[],"innerHTML":"\n<h2 class=\"wp-block-heading\"><strong>Por que doar?<\/strong><\/h2>\n","innerContent":["\n<h2 class=\"wp-block-heading\"><strong>Por que doar?<\/strong><\/h2>\n"]},{"blockName":null,"attrs":[],"innerBlocks":[],"innerHTML":"\n\n","innerContent":["\n\n"]},{"blockName":"core\/list","attrs":{"backgroundColor":"gray"},"innerBlocks":[{"blockName":"core\/list-item","attrs":[],"innerBlocks":[],"innerHTML":"\n<li><strong>Impacto direto<\/strong>: Sua doa\u00e7\u00e3o garante que mais crian\u00e7as e adolescentes tenham acesso a atividades educativas, culturais e esportivas que fazem a diferen\u00e7a em suas vidas.<\/li>\n","innerContent":["\n<li><strong>Impacto direto<\/strong>: Sua doa\u00e7\u00e3o garante que mais crian\u00e7as e adolescentes tenham acesso a atividades educativas, culturais e esportivas que fazem a diferen\u00e7a em suas vidas.<\/li>\n"]},{"blockName":"core\/list-item","attrs":[],"innerBlocks":[],"innerHTML":"\n<li><strong>Transpar\u00eancia e confian\u00e7a<\/strong>: Somos reconhecidos pelo selo Melhores ONGs, um reconhecimento pela nossa gest\u00e3o transparente e eficiente.<\/li>\n","innerContent":["\n<li><strong>Transpar\u00eancia e confian\u00e7a<\/strong>: Somos reconhecidos pelo selo Melhores ONGs, um reconhecimento pela nossa gest\u00e3o transparente e eficiente.<\/li>\n"]},{"blockName":"core\/list-item","attrs":[],"innerBlocks":[],"innerHTML":"\n<li><strong>Transforma\u00e7\u00e3o social<\/strong>: Ao doar, voc\u00ea contribui para a mudan\u00e7a real na vida de jovens em contextos de vulnerabilidade social, ajudando-os a realizar seus sonhos.<\/li>\n","innerContent":["\n<li><strong>Transforma\u00e7\u00e3o social<\/strong>: Ao doar, voc\u00ea contribui para a mudan\u00e7a real na vida de jovens em contextos de vulnerabilidade social, ajudando-os a realizar seus sonhos.<\/li>\n"]}],"innerHTML":"\n<ul class=\"wp-block-list has-gray-background-color has-background\">\n\n\n\n<\/ul>\n","innerContent":["\n<ul class=\"wp-block-list has-gray-background-color has-background\">",null,"\n\n",null,"\n\n",null,"<\/ul>\n"]},{"blockName":null,"attrs":[],"innerBlocks":[],"innerHTML":"\n\n","innerContent":["\n\n"]},{"blockName":"core\/paragraph","attrs":{"align":"center","fontSize":"large"},"innerBlocks":[],"innerHTML":"\n<p class=\"has-text-align-center has-large-font-size\"><\/p>\n","innerContent":["\n<p class=\"has-text-align-center has-large-font-size\"><\/p>\n"]},{"blockName":null,"attrs":[],"innerBlocks":[],"innerHTML":"\n\n","innerContent":["\n\n"]},{"blockName":"core\/image","attrs":{"id":264424,"width":"330px","height":"auto","sizeSlug":"full","linkDestination":"none","align":"center"},"innerBlocks":[],"innerHTML":"\n<figure class=\"wp-block-image aligncenter size-full is-resized\"><img src=\"https:\/\/passosdacrianca.org.br\/novo\/wp-content\/uploads\/2024\/11\/QRCODE-PICPAY-PASSOS.png\" alt=\"\" class=\"wp-image-264424\" style=\"width:330px;height:auto\"\/><\/figure>\n","innerContent":["\n<figure class=\"wp-block-image aligncenter size-full is-resized\"><img src=\"https:\/\/passosdacrianca.org.br\/novo\/wp-content\/uploads\/2024\/11\/QRCODE-PICPAY-PASSOS.png\" alt=\"\" class=\"wp-image-264424\" style=\"width:330px;height:auto\"\/><\/figure>\n"]},{"blockName":null,"attrs":[],"innerBlocks":[],"innerHTML":"\n\n","innerContent":["\n\n"]},{"blockName":"core\/paragraph","attrs":{"align":"center","style":{"color":{"text":"#ee6f18"},"elements":{"link":{"color":{"text":"#ee6f18"}}}},"fontSize":"large"},"innerBlocks":[],"innerHTML":"\n<p class=\"has-text-align-center has-text-color has-link-color has-large-font-size\" style=\"color:#ee6f18\"><strong>FA\u00c7A UM PIX<\/strong><\/p>\n","innerContent":["\n<p class=\"has-text-align-center has-text-color has-link-color has-large-font-size\" style=\"color:#ee6f18\"><strong>FA\u00c7A UM PIX<\/strong><\/p>\n"]},{"blockName":null,"attrs":[],"innerBlocks":[],"innerHTML":"\n\n","innerContent":["\n\n"]},{"blockName":"core\/paragraph","attrs":[],"innerBlocks":[],"innerHTML":"\n<p><\/p>\n","innerContent":["\n<p><\/p>\n"]}],"yoast_head":"<!-- This site is optimized with the Yoast SEO plugin v27.2 - https:\/\/yoast.com\/product\/yoast-seo-wordpress\/ -->\n<title>Contribua para transformar vidas - Passos da Crian\u00e7a: E ai, vamos transformar?<\/title>\n<meta name=\"robots\" content=\"noindex, follow, max-snippet:-1, max-image-preview:large, max-video-preview:-1\" \/>\n<meta property=\"og:locale\" content=\"pt_BR\" \/>\n<meta property=\"og:type\" content=\"article\" \/>\n<meta property=\"og:title\" content=\"Contribua para transformar vidas - Passos da Crian\u00e7a: E ai, vamos transformar?\" \/>\n<meta property=\"og:description\" content=\"Com a sua doa\u00e7\u00e3o, podemos continuar oferecendo atividades essenciais para o crescimento e bem-estar de nossos educandos, proporcionando novas oportunidades de aprendizado e transforma\u00e7\u00e3o. Cada contribui\u00e7\u00e3o \u00e9 um passo importante na constru\u00e7\u00e3o de uma sociedade mais inclusiva e cheia de esperan\u00e7a. Por que doar? FA\u00c7A UM PIX\" \/>\n<meta property=\"og:url\" content=\"https:\/\/site.passosdacrianca.org.brapoie\/\" \/>\n<meta property=\"og:site_name\" content=\"Passos da Crian\u00e7a: E ai, vamos transformar?\" \/>\n<meta property=\"article:modified_time\" content=\"2025-06-06T19:02:30+00:00\" \/>\n<meta property=\"og:image\" content=\"https:\/\/passosdacrianca.org.br\/novo\/wp-content\/uploads\/2024\/11\/QRCODE-PICPAY-PASSOS.png\" \/>\n\t<meta property=\"og:image:width\" content=\"582\" \/>\n\t<meta property=\"og:image:height\" content=\"582\" \/>\n\t<meta property=\"og:image:type\" content=\"image\/png\" \/>\n<meta name=\"twitter:card\" content=\"summary_large_image\" \/>\n<meta name=\"twitter:label1\" content=\"Est. tempo de leitura\" \/>\n\t<meta name=\"twitter:data1\" content=\"1 minuto\" \/>\n<script type=\"application\/ld+json\" class=\"yoast-schema-graph\">{\"@context\":\"https:\/\/schema.org\",\"@graph\":[{\"@type\":\"WebPage\",\"@id\":\"https:\/\/passosdacrianca.org.br\/novo\/apoie\/\",\"url\":\"https:\/\/passosdacrianca.org.br\/novo\/apoie\/\",\"name\":\"Contribua para transformar vidas - Passos da Crian\u00e7a: E ai, vamos transformar?\",\"isPartOf\":{\"@id\":\"https:\/\/passosdacrianca.org.br\/novo\/#website\"},\"primaryImageOfPage\":{\"@id\":\"https:\/\/passosdacrianca.org.br\/novo\/apoie\/#primaryimage\"},\"image\":{\"@id\":\"https:\/\/passosdacrianca.org.br\/novo\/apoie\/#primaryimage\"},\"thumbnailUrl\":\"https:\/\/passosdacrianca.org.br\/novo\/wp-content\/uploads\/2024\/11\/QRCODE-PICPAY-PASSOS.png\",\"datePublished\":\"2024-04-26T18:24:00+00:00\",\"dateModified\":\"2025-06-06T19:02:30+00:00\",\"breadcrumb\":{\"@id\":\"https:\/\/passosdacrianca.org.br\/novo\/apoie\/#breadcrumb\"},\"inLanguage\":\"pt-BR\",\"potentialAction\":[{\"@type\":\"ReadAction\",\"target\":[\"https:\/\/passosdacrianca.org.br\/novo\/apoie\/\"]}]},{\"@type\":\"ImageObject\",\"inLanguage\":\"pt-BR\",\"@id\":\"https:\/\/passosdacrianca.org.br\/novo\/apoie\/#primaryimage\",\"url\":\"https:\/\/passosdacrianca.org.br\/novo\/wp-content\/uploads\/2024\/11\/QRCODE-PICPAY-PASSOS.png\",\"contentUrl\":\"https:\/\/passosdacrianca.org.br\/novo\/wp-content\/uploads\/2024\/11\/QRCODE-PICPAY-PASSOS.png\",\"width\":582,\"height\":582},{\"@type\":\"BreadcrumbList\",\"@id\":\"https:\/\/passosdacrianca.org.br\/novo\/apoie\/#breadcrumb\",\"itemListElement\":[{\"@type\":\"ListItem\",\"position\":1,\"name\":\"In\u00edcio\",\"item\":\"https:\/\/passosdacrianca.org.br\/novo\/\"},{\"@type\":\"ListItem\",\"position\":2,\"name\":\"Contribua para transformar vidas\"}]},{\"@type\":\"WebSite\",\"@id\":\"https:\/\/passosdacrianca.org.br\/novo\/#website\",\"url\":\"https:\/\/passosdacrianca.org.br\/novo\/\",\"name\":\"Passos da Crian\u00e7a: E ai, vamos transformar?\",\"description\":\"\",\"potentialAction\":[{\"@type\":\"SearchAction\",\"target\":{\"@type\":\"EntryPoint\",\"urlTemplate\":\"https:\/\/passosdacrianca.org.br\/novo\/?s={search_term_string}\"},\"query-input\":{\"@type\":\"PropertyValueSpecification\",\"valueRequired\":true,\"valueName\":\"search_term_string\"}}],\"inLanguage\":\"pt-BR\"}]}<\/script>\n<!-- \/ Yoast SEO plugin. -->","yoast_head_json":{"title":"Contribua para transformar vidas - Passos da Crian\u00e7a: E ai, vamos transformar?","robots":{"index":"noindex","follow":"follow","max-snippet":"max-snippet:-1","max-image-preview":"max-image-preview:large","max-video-preview":"max-video-preview:-1"},"og_locale":"pt_BR","og_type":"article","og_title":"Contribua para transformar vidas - Passos da Crian\u00e7a: E ai, vamos transformar?","og_description":"Com a sua doa\u00e7\u00e3o, podemos continuar oferecendo atividades essenciais para o crescimento e bem-estar de nossos educandos, proporcionando novas oportunidades de aprendizado e transforma\u00e7\u00e3o. Cada contribui\u00e7\u00e3o \u00e9 um passo importante na constru\u00e7\u00e3o de uma sociedade mais inclusiva e cheia de esperan\u00e7a. Por que doar? FA\u00c7A UM PIX","og_url":"https:\/\/site.passosdacrianca.org.brapoie\/","og_site_name":"Passos da Crian\u00e7a: E ai, vamos transformar?","article_modified_time":"2025-06-06T19:02:30+00:00","og_image":[{"width":582,"height":582,"url":"https:\/\/passosdacrianca.org.br\/novo\/wp-content\/uploads\/2024\/11\/QRCODE-PICPAY-PASSOS.png","type":"image\/png"}],"twitter_card":"summary_large_image","twitter_misc":{"Est. tempo de leitura":"1 minuto"},"schema":{"@context":"https:\/\/schema.org","@graph":[{"@type":"WebPage","@id":"https:\/\/passosdacrianca.org.br\/novo\/apoie\/","url":"https:\/\/passosdacrianca.org.br\/novo\/apoie\/","name":"Contribua para transformar vidas - Passos da Crian\u00e7a: E ai, vamos transformar?","isPartOf":{"@id":"https:\/\/passosdacrianca.org.br\/novo\/#website"},"primaryImageOfPage":{"@id":"https:\/\/passosdacrianca.org.br\/novo\/apoie\/#primaryimage"},"image":{"@id":"https:\/\/passosdacrianca.org.br\/novo\/apoie\/#primaryimage"},"thumbnailUrl":"https:\/\/passosdacrianca.org.br\/novo\/wp-content\/uploads\/2024\/11\/QRCODE-PICPAY-PASSOS.png","datePublished":"2024-04-26T18:24:00+00:00","dateModified":"2025-06-06T19:02:30+00:00","breadcrumb":{"@id":"https:\/\/passosdacrianca.org.br\/novo\/apoie\/#breadcrumb"},"inLanguage":"pt-BR","potentialAction":[{"@type":"ReadAction","target":["https:\/\/passosdacrianca.org.br\/novo\/apoie\/"]}]},{"@type":"ImageObject","inLanguage":"pt-BR","@id":"https:\/\/passosdacrianca.org.br\/novo\/apoie\/#primaryimage","url":"https:\/\/passosdacrianca.org.br\/novo\/wp-content\/uploads\/2024\/11\/QRCODE-PICPAY-PASSOS.png","contentUrl":"https:\/\/passosdacrianca.org.br\/novo\/wp-content\/uploads\/2024\/11\/QRCODE-PICPAY-PASSOS.png","width":582,"height":582},{"@type":"BreadcrumbList","@id":"https:\/\/passosdacrianca.org.br\/novo\/apoie\/#breadcrumb","itemListElement":[{"@type":"ListItem","position":1,"name":"In\u00edcio","item":"https:\/\/passosdacrianca.org.br\/novo\/"},{"@type":"ListItem","position":2,"name":"Contribua para transformar vidas"}]},{"@type":"WebSite","@id":"https:\/\/passosdacrianca.org.br\/novo\/#website","url":"https:\/\/passosdacrianca.org.br\/novo\/","name":"Passos da Crian\u00e7a: E ai, vamos transformar?","description":"","potentialAction":[{"@type":"SearchAction","target":{"@type":"EntryPoint","urlTemplate":"https:\/\/passosdacrianca.org.br\/novo\/?s={search_term_string}"},"query-input":{"@type":"PropertyValueSpecification","valueRequired":true,"valueName":"search_term_string"}}],"inLanguage":"pt-BR"}]}},"_links":{"self":[{"href":"https:\/\/passosdacrianca.org.br\/novo\/wp-json\/wp\/v2\/pages\/14","targetHints":{"allow":["GET"]}}],"collection":[{"href":"https:\/\/passosdacrianca.org.br\/novo\/wp-json\/wp\/v2\/pages"}],"about":[{"href":"https:\/\/passosdacrianca.org.br\/novo\/wp-json\/wp\/v2\/types\/page"}],"author":[{"embeddable":true,"href":"https:\/\/passosdacrianca.org.br\/novo\/wp-json\/wp\/v2\/users\/1"}],"replies":[{"embeddable":true,"href":"https:\/\/passosdacrianca.org.br\/novo\/wp-json\/wp\/v2\/comments?post=14"}],"version-history":[{"count":81,"href":"https:\/\/passosdacrianca.org.br\/novo\/wp-json\/wp\/v2\/pages\/14\/revisions"}],"predecessor-version":[{"id":264460,"href":"https:\/\/passosdacrianca.org.br\/novo\/wp-json\/wp\/v2\/pages\/14\/revisions\/264460"}],"wp:attachment":[{"href":"https:\/\/passosdacrianca.org.br\/novo\/wp-json\/wp\/v2\/media?parent=14"}],"curies":[{"name":"wp","href":"https:\/\/api.w.org\/{rel}","templated":true}]}}