{"id":12,"date":"2024-04-26T15:23:10","date_gmt":"2024-04-26T18:23:10","guid":{"rendered":"https:\/\/rupt3d.com.br\/passowp\/?page_id=12"},"modified":"2024-11-07T16:04:55","modified_gmt":"2024-11-07T19:04:55","slug":"nossa-historia","status":"publish","type":"page","link":"https:\/\/site.passosdacrianca.org.br\/nossa-historia\/","title":{"rendered":"Nossa hist\u00f3ria"},"content":{"rendered":"\n<div class=\"wp-block-columns is-layout-flex wp-container-core-columns-is-layout-9d6595d7 wp-block-columns-is-layout-flex\">\n<div class=\"wp-block-column is-layout-flow wp-block-column-is-layout-flow\" style=\"padding-top:var(--wp--preset--spacing--40);padding-right:0;padding-bottom:var(--wp--preset--spacing--40);padding-left:0;flex-basis:150%\">\n<p>\u201cOl\u00e1, sou Adilson, e esta \u00e9 a hist\u00f3ria da nossa institui\u00e7\u00e3o, que nasceu de um sonho e da vontade de transformar vidas. Tudo come\u00e7ou quando eu tinha apenas cinco anos e sa\u00eda \u00e0s ruas em busca de ajuda para minha fam\u00edlia. As ruas de Curitiba se tornaram \u201cmeu lar\u201d, e at\u00e9 os 15 anos vivi entre dezenas de outras crian\u00e7as, enfrentando desafios di\u00e1rios.<\/p>\n\n\n\n<p>Minha vida mudou quando fui acolhido pela institui\u00e7\u00e3o Meninos de Quatro Pinheiros. Foi l\u00e1 que aprendi a ler e escrever, e mais do que isso, descobri minha paix\u00e3o por ajudar os outros. Aos 24 anos, j\u00e1 formado em Servi\u00e7o Social e atuando como educador social, voltei para a comunidade da Vila Torres com um desejo ardente de mudar as condi\u00e7\u00f5es em que cresci, especialmente para as crian\u00e7as.<\/p>\n\n\n\n<p>Com o apoio incans\u00e1vel de lideran\u00e7as da comunidade e volunt\u00e1rios, decidimos criar um lugar onde as crian\u00e7as e adolescentes pudessem crescer em seguran\u00e7a, acolhidos e com seus direitos garantidos. Em 2004, esse sonho coletivo se concretizou com a funda\u00e7\u00e3o da Passos da Crian\u00e7a, uma Organiza\u00e7\u00e3o da Sociedade Civil (OSC).<\/p>\n\n\n\n<p>Na Passos da Crian\u00e7a, nosso prop\u00f3sito \u00e9 proporcionar um ambiente onde as crian\u00e7as e adolescentes possam se desenvolver de maneira segura e acolhedora. Aqui, elas s\u00e3o incentivadas a serem agentes de transforma\u00e7\u00e3o, tanto de suas pr\u00f3prias vidas quanto da comunidade ao seu redor. Juntos, estamos construindo um futuro melhor, onde cada crian\u00e7a tem a oportunidade de se desenvolver e contribuir para uma sociedade mais justa.&nbsp;Seja bem-vindo \u00e0 Passos da Crian\u00e7a, onde cada passo \u00e9 dado com amor e compromisso para um amanh\u00e3 melhor\u201d.<\/p>\n\n\n\n<p>&#8211; Adilson Pereira de Souza, fundador e presidente.<\/p>\n<\/div>\n<\/div>\n\n\n\n<div class=\"wp-block-columns alignwide is-layout-flex wp-container-core-columns-is-layout-9d6595d7 wp-block-columns-is-layout-flex\">\n<div class=\"wp-block-column border-t-4 shadow-md border-[#1e1584] is-layout-flow wp-block-column-is-layout-flow\" style=\"padding-top:var(--wp--preset--spacing--60);padding-bottom:var(--wp--preset--spacing--60)\">\n<p class=\"has-text-align-center has-text-color has-link-color wp-elements-47eef80e170b129308ce6237389d4476\" style=\"color:#222b64;font-size:24px\"><strong>Miss\u00e3o<\/strong><\/p>\n\n\n\n<p class=\"has-text-align-center\">Promover o desenvolvimento integral de crian\u00e7as e adolescentes de forma multidisciplinar e acolhedora.<\/p>\n<\/div>\n\n\n\n<div class=\"wp-block-column border-t-4 shadow-md border-[#1e1584] is-layout-flow wp-block-column-is-layout-flow\" style=\"padding-top:var(--wp--preset--spacing--60);padding-bottom:var(--wp--preset--spacing--60)\">\n<p class=\"has-text-align-center has-text-color has-link-color wp-elements-523dc30783016a60d84c0e871df1d501\" style=\"color:#35a8e0;font-size:24px\"><strong>Vis\u00e3o<\/strong><br><\/p>\n\n\n\n<p class=\"has-text-align-center\">Tornar-se refer\u00eancia no atendimento e na defesa e garantia de direitos de crian\u00e7as e adolescentes por meio de solu\u00e7\u00f5es inovadoras e criativas.<\/p>\n<\/div>\n\n\n\n<div class=\"wp-block-column border-t-4 border-[#95bf25] shadow-md is-layout-flow wp-block-column-is-layout-flow\">\n<p class=\"has-text-align-center has-text-color has-link-color wp-elements-1ae89ee51dadce28562245385e3bba7e\" style=\"color:#95bf25;font-size:24px\"><strong>Valores<\/strong><\/p>\n\n\n\n<p class=\"has-text-align-center mb-0\">Acolhimento humanizado e emp\u00e1tico. Respeito e Valoriza\u00e7\u00e3o da Diversidade. Paix\u00e3o pela causa que nos move. Solidariedade e equidade. Honestidade e transpar\u00eancia. Transforma\u00e7\u00e3o pessoal e social.<\/p>\n<\/div>\n<\/div>\n","protected":false},"excerpt":{"rendered":"<p>\u201cOl\u00e1, sou Adilson, e esta \u00e9 a hist\u00f3ria da nossa institui\u00e7\u00e3o, que nasceu de um sonho e da vontade de transformar vidas. Tudo come\u00e7ou quando eu tinha apenas cinco anos e sa\u00eda \u00e0s ruas em busca de ajuda para minha fam\u00edlia. As ruas de Curitiba se tornaram \u201cmeu lar\u201d, e at\u00e9 os 15 anos vivi&hellip; <a class=\"more-link\" href=\"https:\/\/passosdacrianca.org.br\/novo\/nossa-historia\/\">Continuar lendo <span class=\"screen-reader-text\">Nossa hist\u00f3ria<\/span><\/a><\/p>\n","protected":false},"author":1,"featured_media":0,"parent":0,"menu_order":0,"comment_status":"closed","ping_status":"closed","template":"","meta":{"_eb_attr":"","footnotes":""},"class_list":["post-12","page","type-page","status-publish","hentry","entry"],"gutenberg_blocks":[{"blockName":"core\/columns","attrs":[],"innerBlocks":[{"blockName":"core\/column","attrs":{"width":"150%","style":{"spacing":{"padding":{"right":"0","left":"0","top":"var:preset|spacing|40","bottom":"var:preset|spacing|40"}}}},"innerBlocks":[{"blockName":"core\/paragraph","attrs":[],"innerBlocks":[],"innerHTML":"\n<p>\u201cOl\u00e1, sou Adilson, e esta \u00e9 a hist\u00f3ria da nossa institui\u00e7\u00e3o, que nasceu de um sonho e da vontade de transformar vidas. Tudo come\u00e7ou quando eu tinha apenas cinco anos e sa\u00eda \u00e0s ruas em busca de ajuda para minha fam\u00edlia. As ruas de Curitiba se tornaram \u201cmeu lar\u201d, e at\u00e9 os 15 anos vivi entre dezenas de outras crian\u00e7as, enfrentando desafios di\u00e1rios.<\/p>\n","innerContent":["\n<p>\u201cOl\u00e1, sou Adilson, e esta \u00e9 a hist\u00f3ria da nossa institui\u00e7\u00e3o, que nasceu de um sonho e da vontade de transformar vidas. Tudo come\u00e7ou quando eu tinha apenas cinco anos e sa\u00eda \u00e0s ruas em busca de ajuda para minha fam\u00edlia. As ruas de Curitiba se tornaram \u201cmeu lar\u201d, e at\u00e9 os 15 anos vivi entre dezenas de outras crian\u00e7as, enfrentando desafios di\u00e1rios.<\/p>\n"]},{"blockName":"core\/paragraph","attrs":[],"innerBlocks":[],"innerHTML":"\n<p>Minha vida mudou quando fui acolhido pela institui\u00e7\u00e3o Meninos de Quatro Pinheiros. Foi l\u00e1 que aprendi a ler e escrever, e mais do que isso, descobri minha paix\u00e3o por ajudar os outros. Aos 24 anos, j\u00e1 formado em Servi\u00e7o Social e atuando como educador social, voltei para a comunidade da Vila Torres com um desejo ardente de mudar as condi\u00e7\u00f5es em que cresci, especialmente para as crian\u00e7as.<\/p>\n","innerContent":["\n<p>Minha vida mudou quando fui acolhido pela institui\u00e7\u00e3o Meninos de Quatro Pinheiros. Foi l\u00e1 que aprendi a ler e escrever, e mais do que isso, descobri minha paix\u00e3o por ajudar os outros. Aos 24 anos, j\u00e1 formado em Servi\u00e7o Social e atuando como educador social, voltei para a comunidade da Vila Torres com um desejo ardente de mudar as condi\u00e7\u00f5es em que cresci, especialmente para as crian\u00e7as.<\/p>\n"]},{"blockName":"core\/paragraph","attrs":[],"innerBlocks":[],"innerHTML":"\n<p>Com o apoio incans\u00e1vel de lideran\u00e7as da comunidade e volunt\u00e1rios, decidimos criar um lugar onde as crian\u00e7as e adolescentes pudessem crescer em seguran\u00e7a, acolhidos e com seus direitos garantidos. Em 2004, esse sonho coletivo se concretizou com a funda\u00e7\u00e3o da Passos da Crian\u00e7a, uma Organiza\u00e7\u00e3o da Sociedade Civil (OSC).<\/p>\n","innerContent":["\n<p>Com o apoio incans\u00e1vel de lideran\u00e7as da comunidade e volunt\u00e1rios, decidimos criar um lugar onde as crian\u00e7as e adolescentes pudessem crescer em seguran\u00e7a, acolhidos e com seus direitos garantidos. Em 2004, esse sonho coletivo se concretizou com a funda\u00e7\u00e3o da Passos da Crian\u00e7a, uma Organiza\u00e7\u00e3o da Sociedade Civil (OSC).<\/p>\n"]},{"blockName":"core\/paragraph","attrs":[],"innerBlocks":[],"innerHTML":"\n<p>Na Passos da Crian\u00e7a, nosso prop\u00f3sito \u00e9 proporcionar um ambiente onde as crian\u00e7as e adolescentes possam se desenvolver de maneira segura e acolhedora. Aqui, elas s\u00e3o incentivadas a serem agentes de transforma\u00e7\u00e3o, tanto de suas pr\u00f3prias vidas quanto da comunidade ao seu redor. Juntos, estamos construindo um futuro melhor, onde cada crian\u00e7a tem a oportunidade de se desenvolver e contribuir para uma sociedade mais justa.&nbsp;Seja bem-vindo \u00e0 Passos da Crian\u00e7a, onde cada passo \u00e9 dado com amor e compromisso para um amanh\u00e3 melhor\u201d.<\/p>\n","innerContent":["\n<p>Na Passos da Crian\u00e7a, nosso prop\u00f3sito \u00e9 proporcionar um ambiente onde as crian\u00e7as e adolescentes possam se desenvolver de maneira segura e acolhedora. Aqui, elas s\u00e3o incentivadas a serem agentes de transforma\u00e7\u00e3o, tanto de suas pr\u00f3prias vidas quanto da comunidade ao seu redor. Juntos, estamos construindo um futuro melhor, onde cada crian\u00e7a tem a oportunidade de se desenvolver e contribuir para uma sociedade mais justa.&nbsp;Seja bem-vindo \u00e0 Passos da Crian\u00e7a, onde cada passo \u00e9 dado com amor e compromisso para um amanh\u00e3 melhor\u201d.<\/p>\n"]},{"blockName":"core\/paragraph","attrs":[],"innerBlocks":[],"innerHTML":"\n<p>- Adilson Pereira de Souza, fundador e presidente.<\/p>\n","innerContent":["\n<p>- Adilson Pereira de Souza, fundador e presidente.<\/p>\n"]}],"innerHTML":"\n<div class=\"wp-block-column\" style=\"padding-top:var(--wp--preset--spacing--40);padding-right:0;padding-bottom:var(--wp--preset--spacing--40);padding-left:0;flex-basis:150%\">\n\n\n\n\n\n\n\n<\/div>\n","innerContent":["\n<div class=\"wp-block-column\" style=\"padding-top:var(--wp--preset--spacing--40);padding-right:0;padding-bottom:var(--wp--preset--spacing--40);padding-left:0;flex-basis:150%\">",null,"\n\n",null,"\n\n",null,"\n\n",null,"\n\n",null,"<\/div>\n"]}],"innerHTML":"\n<div class=\"wp-block-columns\"><\/div>\n","innerContent":["\n<div class=\"wp-block-columns\">",null,"<\/div>\n"]},{"blockName":null,"attrs":[],"innerBlocks":[],"innerHTML":"\n\n","innerContent":["\n\n"]},{"blockName":"core\/columns","attrs":{"align":"wide"},"innerBlocks":[{"blockName":"core\/column","attrs":{"className":"border-t-4  shadow-md border-[#1e1584]","style":{"spacing":{"padding":{"top":"var:preset|spacing|60","bottom":"var:preset|spacing|60"}}}},"innerBlocks":[{"blockName":"core\/paragraph","attrs":{"align":"center","style":{"color":{"text":"#222b64"},"elements":{"link":{"color":{"text":"#222b64"}}},"typography":{"fontSize":"24px"}}},"innerBlocks":[],"innerHTML":"\n<p class=\"has-text-align-center has-text-color has-link-color\" style=\"color:#222b64;font-size:24px\"><strong>Miss\u00e3o<\/strong><\/p>\n","innerContent":["\n<p class=\"has-text-align-center has-text-color has-link-color\" style=\"color:#222b64;font-size:24px\"><strong>Miss\u00e3o<\/strong><\/p>\n"]},{"blockName":"core\/paragraph","attrs":{"align":"center"},"innerBlocks":[],"innerHTML":"\n<p class=\"has-text-align-center\">Promover o desenvolvimento integral de crian\u00e7as e adolescentes de forma multidisciplinar e acolhedora.<\/p>\n","innerContent":["\n<p class=\"has-text-align-center\">Promover o desenvolvimento integral de crian\u00e7as e adolescentes de forma multidisciplinar e acolhedora.<\/p>\n"]}],"innerHTML":"\n<div class=\"wp-block-column border-t-4 shadow-md border-[#1e1584]\" style=\"padding-top:var(--wp--preset--spacing--60);padding-bottom:var(--wp--preset--spacing--60)\">\n\n<\/div>\n","innerContent":["\n<div class=\"wp-block-column border-t-4 shadow-md border-[#1e1584]\" style=\"padding-top:var(--wp--preset--spacing--60);padding-bottom:var(--wp--preset--spacing--60)\">",null,"\n\n",null,"<\/div>\n"]},{"blockName":"core\/column","attrs":{"className":"border-t-4  shadow-md border-[#1e1584]","style":{"spacing":{"padding":{"top":"var:preset|spacing|60","bottom":"var:preset|spacing|60"}}}},"innerBlocks":[{"blockName":"core\/paragraph","attrs":{"align":"center","style":{"typography":{"fontSize":"24px"},"color":{"text":"#35a8e0"},"elements":{"link":{"color":{"text":"#35a8e0"}}}}},"innerBlocks":[],"innerHTML":"\n<p class=\"has-text-align-center has-text-color has-link-color\" style=\"color:#35a8e0;font-size:24px\"><strong>Vis\u00e3o<\/strong><br><\/p>\n","innerContent":["\n<p class=\"has-text-align-center has-text-color has-link-color\" style=\"color:#35a8e0;font-size:24px\"><strong>Vis\u00e3o<\/strong><br><\/p>\n"]},{"blockName":"core\/paragraph","attrs":{"align":"center"},"innerBlocks":[],"innerHTML":"\n<p class=\"has-text-align-center\">Tornar-se refer\u00eancia no atendimento e na defesa e garantia de direitos de crian\u00e7as e adolescentes por meio de solu\u00e7\u00f5es inovadoras e criativas.<\/p>\n","innerContent":["\n<p class=\"has-text-align-center\">Tornar-se refer\u00eancia no atendimento e na defesa e garantia de direitos de crian\u00e7as e adolescentes por meio de solu\u00e7\u00f5es inovadoras e criativas.<\/p>\n"]}],"innerHTML":"\n<div class=\"wp-block-column border-t-4 shadow-md border-[#1e1584]\" style=\"padding-top:var(--wp--preset--spacing--60);padding-bottom:var(--wp--preset--spacing--60)\">\n\n<\/div>\n","innerContent":["\n<div class=\"wp-block-column border-t-4 shadow-md border-[#1e1584]\" style=\"padding-top:var(--wp--preset--spacing--60);padding-bottom:var(--wp--preset--spacing--60)\">",null,"\n\n",null,"<\/div>\n"]},{"blockName":"core\/column","attrs":{"className":"border-t-4 border-[#95bf25] shadow-md"},"innerBlocks":[{"blockName":"core\/paragraph","attrs":{"align":"center","style":{"typography":{"fontSize":"24px"},"color":{"text":"#95bf25"},"elements":{"link":{"color":{"text":"#95bf25"}}}}},"innerBlocks":[],"innerHTML":"\n<p class=\"has-text-align-center has-text-color has-link-color\" style=\"color:#95bf25;font-size:24px\"><strong>Valores<\/strong><\/p>\n","innerContent":["\n<p class=\"has-text-align-center has-text-color has-link-color\" style=\"color:#95bf25;font-size:24px\"><strong>Valores<\/strong><\/p>\n"]},{"blockName":"core\/paragraph","attrs":{"align":"center","className":"mb-0"},"innerBlocks":[],"innerHTML":"\n<p class=\"has-text-align-center mb-0\">Acolhimento humanizado e emp\u00e1tico. Respeito e Valoriza\u00e7\u00e3o da Diversidade. Paix\u00e3o pela causa que nos move. Solidariedade e equidade. Honestidade e transpar\u00eancia. Transforma\u00e7\u00e3o pessoal e social.<\/p>\n","innerContent":["\n<p class=\"has-text-align-center mb-0\">Acolhimento humanizado e emp\u00e1tico. Respeito e Valoriza\u00e7\u00e3o da Diversidade. Paix\u00e3o pela causa que nos move. Solidariedade e equidade. Honestidade e transpar\u00eancia. Transforma\u00e7\u00e3o pessoal e social.<\/p>\n"]}],"innerHTML":"\n<div class=\"wp-block-column border-t-4 border-[#95bf25] shadow-md\">\n\n<\/div>\n","innerContent":["\n<div class=\"wp-block-column border-t-4 border-[#95bf25] shadow-md\">",null,"\n\n",null,"<\/div>\n"]}],"innerHTML":"\n<div class=\"wp-block-columns alignwide\">\n\n\n\n<\/div>\n","innerContent":["\n<div class=\"wp-block-columns alignwide\">",null,"\n\n",null,"\n\n",null,"<\/div>\n"]}],"yoast_head":"<!-- This site is optimized with the Yoast SEO plugin v27.2 - https:\/\/yoast.com\/product\/yoast-seo-wordpress\/ -->\n<title>Nossa hist\u00f3ria - Passos da Crian\u00e7a: E ai, vamos transformar?<\/title>\n<meta name=\"robots\" content=\"noindex, follow, max-snippet:-1, max-image-preview:large, max-video-preview:-1\" \/>\n<meta property=\"og:locale\" content=\"pt_BR\" \/>\n<meta property=\"og:type\" content=\"article\" \/>\n<meta property=\"og:title\" content=\"Nossa hist\u00f3ria - Passos da Crian\u00e7a: E ai, vamos transformar?\" \/>\n<meta property=\"og:description\" content=\"\u201cOl\u00e1, sou Adilson, e esta \u00e9 a hist\u00f3ria da nossa institui\u00e7\u00e3o, que nasceu de um sonho e da vontade de transformar vidas. Tudo come\u00e7ou quando eu tinha apenas cinco anos e sa\u00eda \u00e0s ruas em busca de ajuda para minha fam\u00edlia. As ruas de Curitiba se tornaram \u201cmeu lar\u201d, e at\u00e9 os 15 anos vivi&hellip; Continuar lendo Nossa hist\u00f3ria\" \/>\n<meta property=\"og:url\" content=\"https:\/\/site.passosdacrianca.org.brnossa-historia\/\" \/>\n<meta property=\"og:site_name\" content=\"Passos da Crian\u00e7a: E ai, vamos transformar?\" \/>\n<meta property=\"article:modified_time\" content=\"2024-11-07T19:04:55+00:00\" \/>\n<meta name=\"twitter:card\" content=\"summary_large_image\" \/>\n<meta name=\"twitter:label1\" content=\"Est. tempo de leitura\" \/>\n\t<meta name=\"twitter:data1\" content=\"2 minutos\" \/>\n<script type=\"application\/ld+json\" class=\"yoast-schema-graph\">{\"@context\":\"https:\/\/schema.org\",\"@graph\":[{\"@type\":\"WebPage\",\"@id\":\"https:\/\/passosdacrianca.org.br\/novo\/nossa-historia\/\",\"url\":\"https:\/\/passosdacrianca.org.br\/novo\/nossa-historia\/\",\"name\":\"Nossa hist\u00f3ria - Passos da Crian\u00e7a: E ai, vamos transformar?\",\"isPartOf\":{\"@id\":\"https:\/\/passosdacrianca.org.br\/novo\/#website\"},\"datePublished\":\"2024-04-26T18:23:10+00:00\",\"dateModified\":\"2024-11-07T19:04:55+00:00\",\"breadcrumb\":{\"@id\":\"https:\/\/passosdacrianca.org.br\/novo\/nossa-historia\/#breadcrumb\"},\"inLanguage\":\"pt-BR\",\"potentialAction\":[{\"@type\":\"ReadAction\",\"target\":[\"https:\/\/passosdacrianca.org.br\/novo\/nossa-historia\/\"]}]},{\"@type\":\"BreadcrumbList\",\"@id\":\"https:\/\/passosdacrianca.org.br\/novo\/nossa-historia\/#breadcrumb\",\"itemListElement\":[{\"@type\":\"ListItem\",\"position\":1,\"name\":\"In\u00edcio\",\"item\":\"https:\/\/passosdacrianca.org.br\/novo\/\"},{\"@type\":\"ListItem\",\"position\":2,\"name\":\"Nossa hist\u00f3ria\"}]},{\"@type\":\"WebSite\",\"@id\":\"https:\/\/passosdacrianca.org.br\/novo\/#website\",\"url\":\"https:\/\/passosdacrianca.org.br\/novo\/\",\"name\":\"Passos da Crian\u00e7a: E ai, vamos transformar?\",\"description\":\"\",\"potentialAction\":[{\"@type\":\"SearchAction\",\"target\":{\"@type\":\"EntryPoint\",\"urlTemplate\":\"https:\/\/passosdacrianca.org.br\/novo\/?s={search_term_string}\"},\"query-input\":{\"@type\":\"PropertyValueSpecification\",\"valueRequired\":true,\"valueName\":\"search_term_string\"}}],\"inLanguage\":\"pt-BR\"}]}<\/script>\n<!-- \/ Yoast SEO plugin. -->","yoast_head_json":{"title":"Nossa hist\u00f3ria - Passos da Crian\u00e7a: E ai, vamos transformar?","robots":{"index":"noindex","follow":"follow","max-snippet":"max-snippet:-1","max-image-preview":"max-image-preview:large","max-video-preview":"max-video-preview:-1"},"og_locale":"pt_BR","og_type":"article","og_title":"Nossa hist\u00f3ria - Passos da Crian\u00e7a: E ai, vamos transformar?","og_description":"\u201cOl\u00e1, sou Adilson, e esta \u00e9 a hist\u00f3ria da nossa institui\u00e7\u00e3o, que nasceu de um sonho e da vontade de transformar vidas. Tudo come\u00e7ou quando eu tinha apenas cinco anos e sa\u00eda \u00e0s ruas em busca de ajuda para minha fam\u00edlia. As ruas de Curitiba se tornaram \u201cmeu lar\u201d, e at\u00e9 os 15 anos vivi&hellip; Continuar lendo Nossa hist\u00f3ria","og_url":"https:\/\/site.passosdacrianca.org.brnossa-historia\/","og_site_name":"Passos da Crian\u00e7a: E ai, vamos transformar?","article_modified_time":"2024-11-07T19:04:55+00:00","twitter_card":"summary_large_image","twitter_misc":{"Est. tempo de leitura":"2 minutos"},"schema":{"@context":"https:\/\/schema.org","@graph":[{"@type":"WebPage","@id":"https:\/\/passosdacrianca.org.br\/novo\/nossa-historia\/","url":"https:\/\/passosdacrianca.org.br\/novo\/nossa-historia\/","name":"Nossa hist\u00f3ria - Passos da Crian\u00e7a: E ai, vamos transformar?","isPartOf":{"@id":"https:\/\/passosdacrianca.org.br\/novo\/#website"},"datePublished":"2024-04-26T18:23:10+00:00","dateModified":"2024-11-07T19:04:55+00:00","breadcrumb":{"@id":"https:\/\/passosdacrianca.org.br\/novo\/nossa-historia\/#breadcrumb"},"inLanguage":"pt-BR","potentialAction":[{"@type":"ReadAction","target":["https:\/\/passosdacrianca.org.br\/novo\/nossa-historia\/"]}]},{"@type":"BreadcrumbList","@id":"https:\/\/passosdacrianca.org.br\/novo\/nossa-historia\/#breadcrumb","itemListElement":[{"@type":"ListItem","position":1,"name":"In\u00edcio","item":"https:\/\/passosdacrianca.org.br\/novo\/"},{"@type":"ListItem","position":2,"name":"Nossa hist\u00f3ria"}]},{"@type":"WebSite","@id":"https:\/\/passosdacrianca.org.br\/novo\/#website","url":"https:\/\/passosdacrianca.org.br\/novo\/","name":"Passos da Crian\u00e7a: E ai, vamos transformar?","description":"","potentialAction":[{"@type":"SearchAction","target":{"@type":"EntryPoint","urlTemplate":"https:\/\/passosdacrianca.org.br\/novo\/?s={search_term_string}"},"query-input":{"@type":"PropertyValueSpecification","valueRequired":true,"valueName":"search_term_string"}}],"inLanguage":"pt-BR"}]}},"_links":{"self":[{"href":"https:\/\/passosdacrianca.org.br\/novo\/wp-json\/wp\/v2\/pages\/12","targetHints":{"allow":["GET"]}}],"collection":[{"href":"https:\/\/passosdacrianca.org.br\/novo\/wp-json\/wp\/v2\/pages"}],"about":[{"href":"https:\/\/passosdacrianca.org.br\/novo\/wp-json\/wp\/v2\/types\/page"}],"author":[{"embeddable":true,"href":"https:\/\/passosdacrianca.org.br\/novo\/wp-json\/wp\/v2\/users\/1"}],"replies":[{"embeddable":true,"href":"https:\/\/passosdacrianca.org.br\/novo\/wp-json\/wp\/v2\/comments?post=12"}],"version-history":[{"count":125,"href":"https:\/\/passosdacrianca.org.br\/novo\/wp-json\/wp\/v2\/pages\/12\/revisions"}],"predecessor-version":[{"id":264274,"href":"https:\/\/passosdacrianca.org.br\/novo\/wp-json\/wp\/v2\/pages\/12\/revisions\/264274"}],"wp:attachment":[{"href":"https:\/\/passosdacrianca.org.br\/novo\/wp-json\/wp\/v2\/media?parent=12"}],"curies":[{"name":"wp","href":"https:\/\/api.w.org\/{rel}","templated":true}]}}