{"id":149,"date":"2025-07-26T02:19:52","date_gmt":"2025-07-26T02:19:52","guid":{"rendered":"https:\/\/passosdacrianca.org.br\/dev\/?page_id=149"},"modified":"2025-08-08T03:26:49","modified_gmt":"2025-08-08T03:26:49","slug":"contribua-para-transformar-vidas","status":"publish","type":"page","link":"https:\/\/passosdacrianca.org.br\/dev\/contribua-para-transformar-vidas\/","title":{"rendered":"Contribua para transformar vidas"},"content":{"rendered":"\t\t<div data-elementor-type=\"wp-page\" data-elementor-id=\"149\" class=\"elementor elementor-149\" data-elementor-post-type=\"page\">\n\t\t\t\t<div class=\"has_eae_slider elementor-element elementor-element-ef0ff43 e-flex e-con-boxed e-con e-parent\" data-eae-slider=\"60195\" data-id=\"ef0ff43\" data-element_type=\"container\" data-e-type=\"container\" data-settings=\"{&quot;background_background&quot;:&quot;classic&quot;}\">\n\t\t\t\t\t<div class=\"e-con-inner\">\n\t\t\t\t<div class=\"elementor-element elementor-element-852f58b elementor-widget elementor-widget-text-editor\" data-id=\"852f58b\" data-element_type=\"widget\" data-e-type=\"widget\" data-widget_type=\"text-editor.default\">\n\t\t\t\t\t\t\t\t\t<p>Contribua para transformar vidas<\/p>\t\t\t\t\t\t\t\t<\/div>\n\t\t\t\t\t<\/div>\n\t\t\t\t<\/div>\n\t\t<div class=\"has_eae_slider elementor-element elementor-element-b9be687 e-flex e-con-boxed e-con e-parent\" data-eae-slider=\"40990\" data-id=\"b9be687\" data-element_type=\"container\" data-e-type=\"container\">\n\t\t\t\t\t<div class=\"e-con-inner\">\n\t\t\t\t<div class=\"elementor-element elementor-element-3bcda01 elementor-widget elementor-widget-text-editor\" data-id=\"3bcda01\" data-element_type=\"widget\" data-e-type=\"widget\" data-widget_type=\"text-editor.default\">\n\t\t\t\t\t\t\t\t\t<p>PORQUE DOAR?<\/p>\t\t\t\t\t\t\t\t<\/div>\n\t\t\t\t\t<\/div>\n\t\t\t\t<\/div>\n\t\t<div class=\"has_eae_slider elementor-element elementor-element-48b4ec3 e-flex e-con-boxed e-con e-parent\" data-eae-slider=\"98821\" data-id=\"48b4ec3\" data-element_type=\"container\" data-e-type=\"container\">\n\t\t\t\t\t<div class=\"e-con-inner\">\n\t\t<div class=\"has_eae_slider elementor-element elementor-element-e007902 e-con-full e-flex e-con e-child\" data-eae-slider=\"84547\" data-id=\"e007902\" data-element_type=\"container\" data-e-type=\"container\" data-settings=\"{&quot;background_background&quot;:&quot;classic&quot;}\">\n\t\t\t\t<div class=\"elementor-element elementor-element-e03ea69 elementor-widget elementor-widget-text-editor\" data-id=\"e03ea69\" data-element_type=\"widget\" data-e-type=\"widget\" data-widget_type=\"text-editor.default\">\n\t\t\t\t\t\t\t\t\t<p>IMPACTO DIRETO<\/p>\t\t\t\t\t\t\t\t<\/div>\n\t\t\t\t<\/div>\n\t\t<div class=\"has_eae_slider elementor-element elementor-element-8b59571 e-con-full e-flex e-con e-child\" data-eae-slider=\"89801\" data-id=\"8b59571\" data-element_type=\"container\" data-e-type=\"container\" data-settings=\"{&quot;background_background&quot;:&quot;classic&quot;}\">\n\t\t\t\t<div class=\"elementor-element elementor-element-7cdf842 elementor-widget elementor-widget-text-editor\" data-id=\"7cdf842\" data-element_type=\"widget\" data-e-type=\"widget\" data-widget_type=\"text-editor.default\">\n\t\t\t\t\t\t\t\t\t<p>TRANSFORMA\u00c7\u00c3O E CONFIAN\u00c7A<\/p>\t\t\t\t\t\t\t\t<\/div>\n\t\t\t\t<\/div>\n\t\t<div class=\"has_eae_slider elementor-element elementor-element-a2ce40a e-con-full e-flex e-con e-child\" data-eae-slider=\"3814\" data-id=\"a2ce40a\" data-element_type=\"container\" data-e-type=\"container\" data-settings=\"{&quot;background_background&quot;:&quot;classic&quot;}\">\n\t\t\t\t<div class=\"elementor-element elementor-element-f408c80 elementor-widget elementor-widget-text-editor\" data-id=\"f408c80\" data-element_type=\"widget\" data-e-type=\"widget\" data-widget_type=\"text-editor.default\">\n\t\t\t\t\t\t\t\t\t<p>TRANSFORMA\u00c7\u00c3O SOCIAL<\/p>\t\t\t\t\t\t\t\t<\/div>\n\t\t\t\t<\/div>\n\t\t\t\t\t<\/div>\n\t\t\t\t<\/div>\n\t\t<div class=\"has_eae_slider elementor-element elementor-element-77dad2b e-flex e-con-boxed e-con e-parent\" data-eae-slider=\"65529\" data-id=\"77dad2b\" data-element_type=\"container\" data-e-type=\"container\">\n\t\t\t\t\t<div class=\"e-con-inner\">\n\t\t<div class=\"has_eae_slider elementor-element elementor-element-70151b7 e-con-full e-flex e-con e-child\" data-eae-slider=\"99223\" data-id=\"70151b7\" data-element_type=\"container\" data-e-type=\"container\" data-settings=\"{&quot;background_background&quot;:&quot;classic&quot;}\">\n\t\t\t\t<div class=\"elementor-element elementor-element-c194e58 elementor-widget elementor-widget-text-editor\" data-id=\"c194e58\" data-element_type=\"widget\" data-e-type=\"widget\" data-widget_type=\"text-editor.default\">\n\t\t\t\t\t\t\t\t\t<p><span style=\"font-weight: 400;\">Ao doar voc\u00ea contribui diretamente para o desenvolvimento de crian\u00e7as e adolescentes em situa\u00e7\u00e3o de vulnerabilidade social. Sua ajuda garante acesso gratuito \u00e0 educa\u00e7\u00e3o complementar, oficinas culturais e esportivas, al\u00e9m de alimenta\u00e7\u00e3o e atendimento psicossocial \u2014 promovendo cuidado, dignidade e oportunidades reais.<\/span><\/p><p>\u00a0<\/p>\t\t\t\t\t\t\t\t<\/div>\n\t\t\t\t<\/div>\n\t\t<div class=\"has_eae_slider elementor-element elementor-element-49e62ff e-con-full e-flex e-con e-child\" data-eae-slider=\"99979\" data-id=\"49e62ff\" data-element_type=\"container\" data-e-type=\"container\" data-settings=\"{&quot;background_background&quot;:&quot;classic&quot;}\">\n\t\t\t\t<div class=\"elementor-element elementor-element-94f1383 elementor-widget elementor-widget-text-editor\" data-id=\"94f1383\" data-element_type=\"widget\" data-e-type=\"widget\" data-widget_type=\"text-editor.default\">\n\t\t\t\t\t\t\t\t\t<p><span style=\"font-weight: 400;\">H\u00e1 mais de 20 anos atuamos com seriedade, transpar\u00eancia e acolhimento. Fomos reconhecidos com o <\/span><b>Selo Melhores ONGs 2024<\/b><span style=\"font-weight: 400;\">, prova do nosso compromisso com boas pr\u00e1ticas de gest\u00e3o e transforma\u00e7\u00e3o social.\u00a0<\/span><\/p>\t\t\t\t\t\t\t\t<\/div>\n\t\t\t\t<\/div>\n\t\t<div class=\"has_eae_slider elementor-element elementor-element-ce3eb82 e-con-full e-flex e-con e-child\" data-eae-slider=\"56069\" data-id=\"ce3eb82\" data-element_type=\"container\" data-e-type=\"container\" data-settings=\"{&quot;background_background&quot;:&quot;classic&quot;}\">\n\t\t\t\t<div class=\"elementor-element elementor-element-8b3d1fa elementor-widget elementor-widget-text-editor\" data-id=\"8b3d1fa\" data-element_type=\"widget\" data-e-type=\"widget\" data-widget_type=\"text-editor.default\">\n\t\t\t\t\t\t\t\t\t<p><span style=\"font-weight: 400;\">Cada contribui\u00e7\u00e3o fortalece a sustentabilidade da OSC e garante que nossas a\u00e7\u00f5es continuem impactando positivamente o presente e o futuro de muitas crian\u00e7as, adolescentes e suas fam\u00edlias.<\/span><\/p>\t\t\t\t\t\t\t\t<\/div>\n\t\t\t\t<\/div>\n\t\t\t\t\t<\/div>\n\t\t\t\t<\/div>\n\t\t<div class=\"has_eae_slider elementor-element elementor-element-a5c878b e-flex e-con-boxed e-con e-parent\" data-eae-slider=\"46309\" data-id=\"a5c878b\" data-element_type=\"container\" data-e-type=\"container\" data-settings=\"{&quot;background_background&quot;:&quot;classic&quot;}\">\n\t\t\t\t\t<div class=\"e-con-inner\">\n\t\t<div class=\"has_eae_slider elementor-element elementor-element-76ab0fb e-con-full e-flex e-con e-child\" data-eae-slider=\"21889\" data-id=\"76ab0fb\" data-element_type=\"container\" data-e-type=\"container\">\n\t\t\t\t<div class=\"elementor-element elementor-element-eb36907 elementor-widget elementor-widget-heading\" data-id=\"eb36907\" data-element_type=\"widget\" data-e-type=\"widget\" data-widget_type=\"heading.default\">\n\t\t\t\t\t<h2 class=\"elementor-heading-title elementor-size-default\">FORMAS DE DOAR<\/h2>\t\t\t\t<\/div>\n\t\t\t\t<div class=\"elementor-element elementor-element-d05f5c9 elementor-widget elementor-widget-text-editor\" data-id=\"d05f5c9\" data-element_type=\"widget\" data-e-type=\"widget\" data-widget_type=\"text-editor.default\">\n\t\t\t\t\t\t\t\t\t<p>Fa\u00e7a parte da<\/p><p>transforma\u00e7\u00e3o<\/p>\t\t\t\t\t\t\t\t<\/div>\n\t\t\t\t<div class=\"elementor-element elementor-element-86a2e37 elementor-widget elementor-widget-text-editor\" data-id=\"86a2e37\" data-element_type=\"widget\" data-e-type=\"widget\" data-widget_type=\"text-editor.default\">\n\t\t\t\t\t\t\t\t\t<p><span style=\"font-weight: 400;\">A sua doa\u00e7\u00e3o ajuda a construir um futuro melhor para centenas de crian\u00e7as e adolescentes. Com a sua contribui\u00e7\u00e3o, conseguimos manter e expandir a\u00e7\u00f5es de educa\u00e7\u00e3o, cultura, lazer e prote\u00e7\u00e3o social \u2014 fortalecendo o desenvolvimento de quem mais precisa. N\u00e3o importa o valor: toda ajuda faz a diferen\u00e7a! Escolha a forma que mais combina com voc\u00ea e venha caminhar com a gente nessa corrente de solidariedade.\u00a0<\/span><\/p>\t\t\t\t\t\t\t\t<\/div>\n\t\t\t\t<\/div>\n\t\t<div class=\"has_eae_slider elementor-element elementor-element-5debc71 e-con-full e-flex e-con e-child\" data-eae-slider=\"86377\" data-id=\"5debc71\" data-element_type=\"container\" data-e-type=\"container\">\n\t\t\t\t<div class=\"elementor-element elementor-element-7595a6c elementor-align-justify elementor-widget elementor-widget-button\" data-id=\"7595a6c\" data-element_type=\"widget\" data-e-type=\"widget\" data-widget_type=\"button.default\">\n\t\t\t\t\t\t\t\t\t\t<a class=\"elementor-button elementor-button-link elementor-size-sm\" href=\"#\">\n\t\t\t\t\t\t<span class=\"elementor-button-content-wrapper\">\n\t\t\t\t\t\t\t\t\t<span class=\"elementor-button-text\">IMPOSTO DE  RENDA (IR)<\/span>\n\t\t\t\t\t<\/span>\n\t\t\t\t\t<\/a>\n\t\t\t\t\t\t\t\t<\/div>\n\t\t\t\t<\/div>\n\t\t<div class=\"has_eae_slider elementor-element elementor-element-35013c8 e-con-full e-flex e-con e-child\" data-eae-slider=\"98789\" data-id=\"35013c8\" data-element_type=\"container\" data-e-type=\"container\">\n\t\t\t\t<div class=\"elementor-element elementor-element-c0558e9 elementor-align-justify elementor-widget elementor-widget-button\" data-id=\"c0558e9\" data-element_type=\"widget\" data-e-type=\"widget\" data-widget_type=\"button.default\">\n\t\t\t\t\t\t\t\t\t\t<a class=\"elementor-button elementor-button-link elementor-size-sm\" href=\"#\">\n\t\t\t\t\t\t<span class=\"elementor-button-content-wrapper\">\n\t\t\t\t\t\t\t\t\t<span class=\"elementor-button-text\">COPEL<\/span>\n\t\t\t\t\t<\/span>\n\t\t\t\t\t<\/a>\n\t\t\t\t\t\t\t\t<\/div>\n\t\t\t\t<\/div>\n\t\t<div class=\"has_eae_slider elementor-element elementor-element-5328829 e-con-full e-flex e-con e-child\" data-eae-slider=\"59536\" data-id=\"5328829\" data-element_type=\"container\" data-e-type=\"container\">\n\t\t\t\t<div class=\"elementor-element elementor-element-33e6adf elementor-align-justify elementor-widget elementor-widget-button\" data-id=\"33e6adf\" data-element_type=\"widget\" data-e-type=\"widget\" data-widget_type=\"button.default\">\n\t\t\t\t\t\t\t\t\t\t<a class=\"elementor-button elementor-button-link elementor-size-sm\" href=\"#\">\n\t\t\t\t\t\t<span class=\"elementor-button-content-wrapper\">\n\t\t\t\t\t\t\t\t\t<span class=\"elementor-button-text\">NOTA PARAN\u00c1<\/span>\n\t\t\t\t\t<\/span>\n\t\t\t\t\t<\/a>\n\t\t\t\t\t\t\t\t<\/div>\n\t\t\t\t<\/div>\n\t\t\t\t\t<\/div>\n\t\t\t\t<\/div>\n\t\t<div class=\"has_eae_slider elementor-element elementor-element-f939ad6 e-flex e-con-boxed e-con e-parent\" data-eae-slider=\"20501\" data-id=\"f939ad6\" data-element_type=\"container\" data-e-type=\"container\" data-settings=\"{&quot;background_background&quot;:&quot;classic&quot;}\">\n\t\t\t\t\t<div class=\"e-con-inner\">\n\t\t\t\t<div class=\"elementor-element elementor-element-7e2db56 elementor-widget elementor-widget-heading\" data-id=\"7e2db56\" data-element_type=\"widget\" data-e-type=\"widget\" data-widget_type=\"heading.default\">\n\t\t\t\t\t<h2 class=\"elementor-heading-title elementor-size-default\">SEJA UM VOLUNT\u00c1RIO<\/h2>\t\t\t\t<\/div>\n\t\t\t\t<div class=\"elementor-element elementor-element-7236b9b elementor-widget elementor-widget-text-editor\" data-id=\"7236b9b\" data-element_type=\"widget\" data-e-type=\"widget\" data-widget_type=\"text-editor.default\">\n\t\t\t\t\t\t\t\t\t<p>Transforme Vidas com Seu Tempo e Talento!<\/p>\t\t\t\t\t\t\t\t<\/div>\n\t\t\t\t<div class=\"elementor-element elementor-element-4ce2a98 elementor-widget elementor-widget-text-editor\" data-id=\"4ce2a98\" data-element_type=\"widget\" data-e-type=\"widget\" data-widget_type=\"text-editor.default\">\n\t\t\t\t\t\t\t\t\t<p><span style=\"font-weight: 400;\">Voc\u00ea acredita no poder do afeto e do conhecimento? Ama crian\u00e7as e quer causar um impacto real em uma comunidade? Buscamos pessoas como voc\u00ea \u2014 <br \/>com brilho nos olhos e vontade de transformar o mundo, uma inf\u00e2ncia de cada vez. Seja volunt\u00e1rio(a) e compartilhe seu tempo, suas habilidades e seu cora\u00e7\u00e3o. <br \/>Aqui, cada gesto \u00e9 uma semente de esperan\u00e7a para o amanh\u00e3.<\/span><\/p>\t\t\t\t\t\t\t\t<\/div>\n\t\t<div class=\"has_eae_slider elementor-element elementor-element-06a9dc7 e-grid e-con-full e-con e-child\" data-eae-slider=\"79172\" data-id=\"06a9dc7\" data-element_type=\"container\" data-e-type=\"container\">\n\t\t\t\t<div class=\"elementor-element elementor-element-7c7bb66 elementor-widget elementor-widget-image\" data-id=\"7c7bb66\" data-element_type=\"widget\" data-e-type=\"widget\" data-widget_type=\"image.default\">\n\t\t\t\t\t\t\t\t\t\t\t\t\t\t\t<img fetchpriority=\"high\" decoding=\"async\" width=\"334\" height=\"334\" src=\"https:\/\/passosdacrianca.org.br\/dev\/wp-content\/uploads\/2025\/07\/Retangulo-158.png\" class=\"attachment-large size-large wp-image-142\" alt=\"\" srcset=\"https:\/\/passosdacrianca.org.br\/dev\/wp-content\/uploads\/2025\/07\/Retangulo-158.png 334w, https:\/\/passosdacrianca.org.br\/dev\/wp-content\/uploads\/2025\/07\/Retangulo-158-300x300.png 300w, https:\/\/passosdacrianca.org.br\/dev\/wp-content\/uploads\/2025\/07\/Retangulo-158-150x150.png 150w\" sizes=\"(max-width: 334px) 100vw, 334px\" \/>\t\t\t\t\t\t\t\t\t\t\t\t\t\t\t<\/div>\n\t\t\t\t<div class=\"elementor-element elementor-element-39cb8e8 elementor-widget elementor-widget-image\" data-id=\"39cb8e8\" data-element_type=\"widget\" data-e-type=\"widget\" data-widget_type=\"image.default\">\n\t\t\t\t\t\t\t\t\t\t\t\t\t\t\t<img fetchpriority=\"high\" decoding=\"async\" width=\"334\" height=\"334\" src=\"https:\/\/passosdacrianca.org.br\/dev\/wp-content\/uploads\/2025\/07\/Retangulo-158.png\" class=\"attachment-large size-large wp-image-142\" alt=\"\" srcset=\"https:\/\/passosdacrianca.org.br\/dev\/wp-content\/uploads\/2025\/07\/Retangulo-158.png 334w, https:\/\/passosdacrianca.org.br\/dev\/wp-content\/uploads\/2025\/07\/Retangulo-158-300x300.png 300w, https:\/\/passosdacrianca.org.br\/dev\/wp-content\/uploads\/2025\/07\/Retangulo-158-150x150.png 150w\" sizes=\"(max-width: 334px) 100vw, 334px\" \/>\t\t\t\t\t\t\t\t\t\t\t\t\t\t\t<\/div>\n\t\t\t\t<div class=\"elementor-element elementor-element-9b9a1bb elementor-widget elementor-widget-image\" data-id=\"9b9a1bb\" data-element_type=\"widget\" data-e-type=\"widget\" data-widget_type=\"image.default\">\n\t\t\t\t\t\t\t\t\t\t\t\t\t\t\t<img fetchpriority=\"high\" decoding=\"async\" width=\"334\" height=\"334\" src=\"https:\/\/passosdacrianca.org.br\/dev\/wp-content\/uploads\/2025\/07\/Retangulo-158.png\" class=\"attachment-large size-large wp-image-142\" alt=\"\" srcset=\"https:\/\/passosdacrianca.org.br\/dev\/wp-content\/uploads\/2025\/07\/Retangulo-158.png 334w, https:\/\/passosdacrianca.org.br\/dev\/wp-content\/uploads\/2025\/07\/Retangulo-158-300x300.png 300w, https:\/\/passosdacrianca.org.br\/dev\/wp-content\/uploads\/2025\/07\/Retangulo-158-150x150.png 150w\" sizes=\"(max-width: 334px) 100vw, 334px\" \/>\t\t\t\t\t\t\t\t\t\t\t\t\t\t\t<\/div>\n\t\t\t\t<div class=\"elementor-element elementor-element-b9b2123 elementor-widget elementor-widget-image\" data-id=\"b9b2123\" data-element_type=\"widget\" data-e-type=\"widget\" data-widget_type=\"image.default\">\n\t\t\t\t\t\t\t\t\t\t\t\t\t\t\t<img fetchpriority=\"high\" decoding=\"async\" width=\"334\" height=\"334\" src=\"https:\/\/passosdacrianca.org.br\/dev\/wp-content\/uploads\/2025\/07\/Retangulo-158.png\" class=\"attachment-large size-large wp-image-142\" alt=\"\" srcset=\"https:\/\/passosdacrianca.org.br\/dev\/wp-content\/uploads\/2025\/07\/Retangulo-158.png 334w, https:\/\/passosdacrianca.org.br\/dev\/wp-content\/uploads\/2025\/07\/Retangulo-158-300x300.png 300w, https:\/\/passosdacrianca.org.br\/dev\/wp-content\/uploads\/2025\/07\/Retangulo-158-150x150.png 150w\" sizes=\"(max-width: 334px) 100vw, 334px\" \/>\t\t\t\t\t\t\t\t\t\t\t\t\t\t\t<\/div>\n\t\t\t\t<\/div>\n\t\t\t\t<div class=\"elementor-element elementor-element-a62d210 elementor-align-center elementor-widget elementor-widget-button\" data-id=\"a62d210\" data-element_type=\"widget\" data-e-type=\"widget\" data-widget_type=\"button.default\">\n\t\t\t\t\t\t\t\t\t\t<a class=\"elementor-button elementor-button-link elementor-size-sm\" href=\"#\">\n\t\t\t\t\t\t<span class=\"elementor-button-content-wrapper\">\n\t\t\t\t\t\t\t\t\t<span class=\"elementor-button-text\">VENHA FAZER PARTE DESTE TIME<\/span>\n\t\t\t\t\t<\/span>\n\t\t\t\t\t<\/a>\n\t\t\t\t\t\t\t\t<\/div>\n\t\t\t\t\t<\/div>\n\t\t\t\t<\/div>\n\t\t<div class=\"has_eae_slider elementor-element elementor-element-2708a43 e-flex e-con-boxed e-con e-parent\" data-eae-slider=\"68411\" data-id=\"2708a43\" data-element_type=\"container\" data-e-type=\"container\" data-settings=\"{&quot;background_background&quot;:&quot;classic&quot;}\">\n\t\t\t\t\t<div class=\"e-con-inner\">\n\t\t\t\t<div class=\"elementor-element elementor-element-c2eb51d elementor-widget elementor-widget-heading\" data-id=\"c2eb51d\" data-element_type=\"widget\" data-e-type=\"widget\" data-widget_type=\"heading.default\">\n\t\t\t\t\t<h2 class=\"elementor-heading-title elementor-size-default\">SEJA UM PARCEIRO<\/h2>\t\t\t\t<\/div>\n\t\t\t\t<div class=\"elementor-element elementor-element-67a1fb0 elementor-widget elementor-widget-text-editor\" data-id=\"67a1fb0\" data-element_type=\"widget\" data-e-type=\"widget\" data-widget_type=\"text-editor.default\">\n\t\t\t\t\t\t\t\t\t<p><strong>Seja nosso parceiro e amplie o<br \/>alcance da transforma\u00e7\u00e3o social<\/strong><\/p>\t\t\t\t\t\t\t\t<\/div>\n\t\t\t\t<div class=\"elementor-element elementor-element-dedcf0f elementor-widget elementor-widget-text-editor\" data-id=\"dedcf0f\" data-element_type=\"widget\" data-e-type=\"widget\" data-widget_type=\"text-editor.default\">\n\t\t\t\t\t\t\t\t\t<p><span style=\"font-weight: 400;\">Acreditamos que transformar realidades \u00e9 uma miss\u00e3o coletiva. Por isso, convidamos voc\u00ea \u2014 ou a sua empresa \u2014 a caminhar ao nosso lado como parceiro. <br \/>Juntos, podemos multiplicar oportunidades, inspirar mudan\u00e7as e impactar a vida de centenas de crian\u00e7as e adolescentes.<br \/>Vamos al\u00e9m da doa\u00e7\u00e3o: constru\u00edmos futuros com prop\u00f3sito.<\/span><\/p>\t\t\t\t\t\t\t\t<\/div>\n\t\t\t\t\t<\/div>\n\t\t\t\t<\/div>\n\t\t<div class=\"has_eae_slider elementor-element elementor-element-8fd1d9d e-con-full e-flex e-con e-parent\" data-eae-slider=\"21014\" data-id=\"8fd1d9d\" data-element_type=\"container\" data-e-type=\"container\">\n\t\t\t\t<div class=\"elementor-element elementor-element-3192390 elementor-pagination-position-outside elementor-widget elementor-widget-image-carousel\" data-id=\"3192390\" data-element_type=\"widget\" data-e-type=\"widget\" data-settings=\"{&quot;slides_to_show&quot;:&quot;5&quot;,&quot;navigation&quot;:&quot;dots&quot;,&quot;image_spacing_custom&quot;:{&quot;unit&quot;:&quot;px&quot;,&quot;size&quot;:0,&quot;sizes&quot;:[]},&quot;autoplay&quot;:&quot;yes&quot;,&quot;pause_on_hover&quot;:&quot;yes&quot;,&quot;pause_on_interaction&quot;:&quot;yes&quot;,&quot;autoplay_speed&quot;:5000,&quot;infinite&quot;:&quot;yes&quot;,&quot;speed&quot;:500,&quot;image_spacing_custom_tablet&quot;:{&quot;unit&quot;:&quot;px&quot;,&quot;size&quot;:&quot;&quot;,&quot;sizes&quot;:[]},&quot;image_spacing_custom_mobile&quot;:{&quot;unit&quot;:&quot;px&quot;,&quot;size&quot;:&quot;&quot;,&quot;sizes&quot;:[]}}\" data-widget_type=\"image-carousel.default\">\n\t\t\t\t\t\t\t<div class=\"elementor-image-carousel-wrapper swiper\" role=\"region\" aria-roledescription=\"carousel\" aria-label=\"Carrossel de imagens\" dir=\"ltr\">\n\t\t\t<div class=\"elementor-image-carousel swiper-wrapper\" aria-live=\"off\">\n\t\t\t\t\t\t\t\t<div class=\"swiper-slide\" role=\"group\" aria-roledescription=\"slide\" aria-label=\"1 de 6\"><figure class=\"swiper-slide-inner\"><img decoding=\"async\" class=\"swiper-slide-image\" src=\"https:\/\/passosdacrianca.org.br\/dev\/wp-content\/uploads\/2025\/07\/Grupo-131.png\" alt=\"Grupo 131\" \/><\/figure><\/div><div class=\"swiper-slide\" role=\"group\" aria-roledescription=\"slide\" aria-label=\"2 de 6\"><figure class=\"swiper-slide-inner\"><img decoding=\"async\" class=\"swiper-slide-image\" src=\"https:\/\/passosdacrianca.org.br\/dev\/wp-content\/uploads\/2025\/07\/Grupo-131-1.png\" alt=\"Grupo 131\" \/><\/figure><\/div><div class=\"swiper-slide\" role=\"group\" aria-roledescription=\"slide\" aria-label=\"3 de 6\"><figure class=\"swiper-slide-inner\"><img decoding=\"async\" class=\"swiper-slide-image\" src=\"https:\/\/passosdacrianca.org.br\/dev\/wp-content\/uploads\/2025\/07\/Grupo-131-2.png\" alt=\"Grupo 131\" \/><\/figure><\/div><div class=\"swiper-slide\" role=\"group\" aria-roledescription=\"slide\" aria-label=\"4 de 6\"><figure class=\"swiper-slide-inner\"><img decoding=\"async\" class=\"swiper-slide-image\" src=\"https:\/\/passosdacrianca.org.br\/dev\/wp-content\/uploads\/2025\/07\/Grupo-131-3.png\" alt=\"Grupo 131\" \/><\/figure><\/div><div class=\"swiper-slide\" role=\"group\" aria-roledescription=\"slide\" aria-label=\"5 de 6\"><figure class=\"swiper-slide-inner\"><img decoding=\"async\" class=\"swiper-slide-image\" src=\"https:\/\/passosdacrianca.org.br\/dev\/wp-content\/uploads\/2025\/07\/Grupo-131-4.png\" alt=\"Grupo 131\" \/><\/figure><\/div><div class=\"swiper-slide\" role=\"group\" aria-roledescription=\"slide\" aria-label=\"6 de 6\"><figure class=\"swiper-slide-inner\"><img decoding=\"async\" class=\"swiper-slide-image\" src=\"https:\/\/passosdacrianca.org.br\/dev\/wp-content\/uploads\/2025\/07\/Grupo-131-5.png\" alt=\"Grupo 131\" \/><\/figure><\/div>\t\t\t<\/div>\n\t\t\t\t\t\t\t\n\t\t\t\t\t\t\t\t\t<div class=\"swiper-pagination\"><\/div>\n\t\t\t\t\t\t\t\t\t<\/div>\n\t\t\t\t\t\t<\/div>\n\t\t\t\t<\/div>\n\t\t<div class=\"has_eae_slider elementor-element elementor-element-324e2b1 e-flex e-con-boxed e-con e-parent\" data-eae-slider=\"76543\" data-id=\"324e2b1\" data-element_type=\"container\" data-e-type=\"container\">\n\t\t\t\t\t<div class=\"e-con-inner\">\n\t\t\t\t<div class=\"elementor-element elementor-element-8e694f8 elementor-align-center elementor-widget elementor-widget-button\" data-id=\"8e694f8\" data-element_type=\"widget\" data-e-type=\"widget\" data-widget_type=\"button.default\">\n\t\t\t\t\t\t\t\t\t\t<a class=\"elementor-button elementor-button-link elementor-size-sm\" href=\"#\">\n\t\t\t\t\t\t<span class=\"elementor-button-content-wrapper\">\n\t\t\t\t\t\t\t\t\t<span class=\"elementor-button-text\">QUERO SER UM PARCEIRO<\/span>\n\t\t\t\t\t<\/span>\n\t\t\t\t\t<\/a>\n\t\t\t\t\t\t\t\t<\/div>\n\t\t\t\t\t<\/div>\n\t\t\t\t<\/div>\n\t\t\t\t<\/div>\n\t\t","protected":false},"excerpt":{"rendered":"<p>Contribua para transformar vidas PORQUE DOAR? IMPACTO DIRETO TRANSFORMA\u00c7\u00c3O E CONFIAN\u00c7A TRANSFORMA\u00c7\u00c3O SOCIAL Ao doar voc\u00ea contribui diretamente para o desenvolvimento de crian\u00e7as e adolescentes em situa\u00e7\u00e3o de vulnerabilidade social. Sua ajuda garante acesso gratuito \u00e0 educa\u00e7\u00e3o complementar, oficinas culturais e esportivas, al\u00e9m de alimenta\u00e7\u00e3o e atendimento psicossocial \u2014 promovendo cuidado, dignidade e oportunidades reais. [&hellip;]<\/p>\n","protected":false},"author":1,"featured_media":0,"parent":0,"menu_order":0,"comment_status":"closed","ping_status":"closed","template":"elementor_header_footer","meta":{"footnotes":""},"class_list":["post-149","page","type-page","status-publish","hentry"],"_links":{"self":[{"href":"https:\/\/passosdacrianca.org.br\/dev\/wp-json\/wp\/v2\/pages\/149","targetHints":{"allow":["GET"]}}],"collection":[{"href":"https:\/\/passosdacrianca.org.br\/dev\/wp-json\/wp\/v2\/pages"}],"about":[{"href":"https:\/\/passosdacrianca.org.br\/dev\/wp-json\/wp\/v2\/types\/page"}],"author":[{"embeddable":true,"href":"https:\/\/passosdacrianca.org.br\/dev\/wp-json\/wp\/v2\/users\/1"}],"replies":[{"embeddable":true,"href":"https:\/\/passosdacrianca.org.br\/dev\/wp-json\/wp\/v2\/comments?post=149"}],"version-history":[{"count":37,"href":"https:\/\/passosdacrianca.org.br\/dev\/wp-json\/wp\/v2\/pages\/149\/revisions"}],"predecessor-version":[{"id":428,"href":"https:\/\/passosdacrianca.org.br\/dev\/wp-json\/wp\/v2\/pages\/149\/revisions\/428"}],"wp:attachment":[{"href":"https:\/\/passosdacrianca.org.br\/dev\/wp-json\/wp\/v2\/media?parent=149"}],"curies":[{"name":"wp","href":"https:\/\/api.w.org\/{rel}","templated":true}]}}